{"id":2198,"date":"2013-01-16T04:01:53","date_gmt":"2013-01-16T04:01:53","guid":{"rendered":"http:\/\/www.goldrate24.com\/amerique-du-sud\/"},"modified":"2025-11-20T12:27:56","modified_gmt":"2025-11-20T12:27:56","slug":"amerique-du-sud","status":"publish","type":"page","link":"https:\/\/www.goldrate24.com\/fr\/prix-de-lor\/amerique-du-sud\/","title":{"rendered":"Prix de l&#8217;or aujourd&#8217;hui en Am\u00e9rique du Sud"},"content":{"rendered":"<p><span lang=\"fr\">Prix de l&#8217;or aujourd&#8217;hui en Am\u00e9rique du Sud : Voici un tableau r\u00e9capitulant tous les pays d&#8217;Am\u00e9rique du Sud. <\/span><span lang=\"fr\">Faites d\u00e9filer jusqu&#8217;\u00e0 votre pays puis cliquez sur, pour afficher les d\u00e9tails du prix de l&#8217;or dans ce pays. <\/span><span lang=\"fr\">Pour un acc\u00e8s facile, vous pouvez \u00e9galement taper pour effectuer une recherche pour les noms de pays, nom de la devise ou code de devise dans la colonne correspondante.<\/span><\/p>\n    <div id=\"wmscc_gold_main\">\n        <!-- rectangle:--><!-- rectangle-->\r\n<div class=\"ads\">\r\n<script async src=\"\/\/pagead2.googlesyndication.com\/pagead\/js\/adsbygoogle.js\"><\/script>\r\n<!-- gr24-res -->\r\n<ins class=\"adsbygoogle\"\r\n     style=\"display:block\"\r\n     data-ad-client=\"ca-pub-0171684530079824\"\r\n     data-ad-slot=\"3571058915\"\r\n     data-ad-format=\"rectangle\"><\/ins>\r\n<script>\r\n(adsbygoogle = window.adsbygoogle || []).push({});\r\n<\/script>\r\n<\/div>        <table id=\"table_exp\" class=\"sortable table table-sm table-striped table-hover\">\n            <thead>\n                <tr>\n                    <td class=\"continent\">\n                        <h1 class=\"h2\"> Prix de l'or aujourd'hui en Am\u00e9rique du Sud<img loading=\"lazy\" decoding=\"async\" src=\"https:\/\/www.goldrate24.com\/wp-content\/plugins\/goldrate24\/country-flags\/south-america.gif\" width=\"40\" height=\"33\" align=\"absmiddle\" \/><\/h1>\n                    <\/td>\n                <\/tr>\n            <\/thead>\n\n                            <tr>\n                    <th>\n                                                <a href=\"https:\/\/www.goldrate24.com\/fr\/prix-de-lor\/amerique-du-sud\/argentine\/\" title=\"Prix de l'or en Argentine en Peso argentin\"><img loading=\"lazy\" decoding=\"async\" src=\"https:\/\/www.goldrate24.com\/wp-content\/plugins\/goldrate24\/country-flags\/argentina.svg\" height=\"24\" width=\"24\" align=\"absmiddle\" \/> \n                        Prix de l\u2019or en Argentine en peso argentin (ARS)                    <\/a>\n                    <\/th>\n                <\/tr>\n                            <tr>\n                    <th>\n                                                <a href=\"https:\/\/www.goldrate24.com\/fr\/prix-de-lor\/amerique-du-sud\/uruguay\/\" title=\"Prix de l'or aujourd'hui en Uruguay\"><img loading=\"lazy\" decoding=\"async\" src=\"https:\/\/www.goldrate24.com\/wp-content\/plugins\/goldrate24\/country-flags\/uruguay.svg\" height=\"24\" width=\"24\" align=\"absmiddle\" \/> \n                        Prix de l\u2019or en Uruguay en peso uruguayen (UYU)                    <\/a>\n                    <\/th>\n                <\/tr>\n                            <tr>\n                    <th>\n                                                <a href=\"https:\/\/www.goldrate24.com\/fr\/prix-de-lor\/amerique-du-sud\/suriname\/\" title=\"Prix de l'or en Suriname en dollar Suriname\"><img loading=\"lazy\" decoding=\"async\" src=\"https:\/\/www.goldrate24.com\/wp-content\/plugins\/goldrate24\/country-flags\/suriname.svg\" height=\"24\" width=\"24\" align=\"absmiddle\" \/> \n                        Prix de l\u2019or en Suriname en dollar surinamais (SRD)                    <\/a>\n                    <\/th>\n                <\/tr>\n                            <tr>\n                    <th>\n                                                <a href=\"https:\/\/www.goldrate24.com\/fr\/prix-de-lor\/amerique-du-sud\/perou\/\" title=\"Prix de l'or en P\u00e9rou\"><img loading=\"lazy\" decoding=\"async\" src=\"https:\/\/www.goldrate24.com\/wp-content\/plugins\/goldrate24\/country-flags\/peru.svg\" height=\"24\" width=\"24\" align=\"absmiddle\" \/> \n                        Prix de l\u2019or en P\u00e9rou en sol p\u00e9ruvien (PEN)                    <\/a>\n                    <\/th>\n                <\/tr>\n                            <tr>\n                    <th>\n                                                <a href=\"https:\/\/www.goldrate24.com\/fr\/prix-de-lor\/amerique-du-sud\/le-paraguay\/\" title=\"Prix de l'or en le Paraguay en Paraguay Guarani\"><img loading=\"lazy\" decoding=\"async\" src=\"https:\/\/www.goldrate24.com\/wp-content\/plugins\/goldrate24\/country-flags\/paraguay.svg\" height=\"24\" width=\"24\" align=\"absmiddle\" \/> \n                        Prix de l\u2019or en Paraguay en guarani paraguayen (PYG)                    <\/a>\n                    <\/th>\n                <\/tr>\n                            <tr>\n                    <th>\n                                                <a href=\"https:\/\/www.goldrate24.com\/fr\/prix-de-lor\/amerique-du-sud\/guyane\/\" title=\"Prix de l'or aujourd'hui en Guyane\"><img loading=\"lazy\" decoding=\"async\" src=\"https:\/\/www.goldrate24.com\/wp-content\/plugins\/goldrate24\/country-flags\/guyana.svg\" height=\"24\" width=\"24\" align=\"absmiddle\" \/> \n                        Prix de l\u2019or en Guyane en dollar guyanais (GYD)                    <\/a>\n                    <\/th>\n                <\/tr>\n                            <tr>\n                    <th>\n                                                <a href=\"https:\/\/www.goldrate24.com\/fr\/prix-de-lor\/amerique-du-sud\/iles-falkland\/\" title=\"Prix de l'or en \u00eeles Falkland en \u00eeles Falkland Pound\"><img loading=\"lazy\" decoding=\"async\" src=\"https:\/\/www.goldrate24.com\/wp-content\/plugins\/goldrate24\/country-flags\/falkland_islands.svg\" height=\"24\" width=\"24\" align=\"absmiddle\" \/> \n                        Prix de l\u2019or en \u00celes Falkland en livre des \u00eeles Falkland (FKP)                    <\/a>\n                    <\/th>\n                <\/tr>\n                            <tr>\n                    <th>\n                                                <a href=\"https:\/\/www.goldrate24.com\/fr\/prix-de-lor\/amerique-du-sud\/colombie\/\" title=\"Prix de l'or aujourd'hui en Colombie\"><img loading=\"lazy\" decoding=\"async\" src=\"https:\/\/www.goldrate24.com\/wp-content\/plugins\/goldrate24\/country-flags\/colombia.svg\" height=\"24\" width=\"24\" align=\"absmiddle\" \/> \n                        Prix de l\u2019or en Colombie en peso colombien (COP)                    <\/a>\n                    <\/th>\n                <\/tr>\n                            <tr>\n                    <th>\n                                                <a href=\"https:\/\/www.goldrate24.com\/fr\/prix-de-lor\/amerique-du-sud\/chili\/\" title=\"Prix de l'or en Chili en Peso Chilien\"><img loading=\"lazy\" decoding=\"async\" src=\"https:\/\/www.goldrate24.com\/wp-content\/plugins\/goldrate24\/country-flags\/chile.svg\" height=\"24\" width=\"24\" align=\"absmiddle\" \/> \n                        Prix de l\u2019or en Chili en peso chilien (CLP)                    <\/a>\n                    <\/th>\n                <\/tr>\n                            <tr>\n                    <th>\n                                                <a href=\"https:\/\/www.goldrate24.com\/fr\/prix-de-lor\/amerique-du-sud\/bresil\/\" title=\"Prix de l'or en Br\u00e9sil\"><img loading=\"lazy\" decoding=\"async\" src=\"https:\/\/www.goldrate24.com\/wp-content\/plugins\/goldrate24\/country-flags\/brazil.svg\" height=\"24\" width=\"24\" align=\"absmiddle\" \/> \n                        Prix de l\u2019or en Br\u00e9sil en r\u00e9al br\u00e9silien (BRL)                    <\/a>\n                    <\/th>\n                <\/tr>\n                            <tr>\n                    <th>\n                                                <a href=\"https:\/\/www.goldrate24.com\/fr\/prix-de-lor\/amerique-du-sud\/bolivie\/\" title=\"Prix de l'or en Bolivie\"><img loading=\"lazy\" decoding=\"async\" src=\"https:\/\/www.goldrate24.com\/wp-content\/plugins\/goldrate24\/country-flags\/bolivia.svg\" height=\"24\" width=\"24\" align=\"absmiddle\" \/> \n                        Prix de l\u2019or en Bolivie en boliviano bolivien (BOB)                    <\/a>\n                    <\/th>\n                <\/tr>\n                            <tr>\n                    <th>\n                                                <a href=\"https:\/\/www.goldrate24.com\/fr\/prix-de-lor\/amerique-du-sud\/venezuela\/\" title=\"Prix de l'or en Venezuela\"><img loading=\"lazy\" decoding=\"async\" src=\"https:\/\/www.goldrate24.com\/wp-content\/plugins\/goldrate24\/country-flags\/venezuela.svg\" height=\"24\" width=\"24\" align=\"absmiddle\" \/> \n                        Prix de l\u2019or en Venezuela en bolivar souverain v\u00e9n\u00e9zu\u00e9lien (VES)                    <\/a>\n                    <\/th>\n                <\/tr>\n            \n        <\/table>\n        <!-- rectangle:--><!-- rectangle-->\r\n<div class=\"ads\">\r\n<script async src=\"\/\/pagead2.googlesyndication.com\/pagead\/js\/adsbygoogle.js\"><\/script>\r\n<!-- gr24-res -->\r\n<ins class=\"adsbygoogle\"\r\n     style=\"display:block\"\r\n     data-ad-client=\"ca-pub-0171684530079824\"\r\n     data-ad-slot=\"3571058915\"\r\n     data-ad-format=\"rectangle\"><\/ins>\r\n<script>\r\n(adsbygoogle = window.adsbygoogle || []).push({});\r\n<\/script>\r\n<\/div>    <\/div>\n\n","protected":false},"excerpt":{"rendered":"<p>Prix de l&#8217;or aujourd&#8217;hui en Am\u00e9rique du Sud  par once et gramme de carats diff\u00e9rents. En plus des prix et des cartes historiques en or et en argent.<\/p>\n","protected":false},"author":1,"featured_media":0,"parent":1591,"menu_order":0,"comment_status":"open","ping_status":"open","template":"","meta":{"footnotes":""},"tags":[],"class_list":["post-2198","page","type-page","status-publish","hentry"],"_links":{"self":[{"href":"https:\/\/www.goldrate24.com\/fr\/wp-json\/wp\/v2\/pages\/2198","targetHints":{"allow":["GET"]}}],"collection":[{"href":"https:\/\/www.goldrate24.com\/fr\/wp-json\/wp\/v2\/pages"}],"about":[{"href":"https:\/\/www.goldrate24.com\/fr\/wp-json\/wp\/v2\/types\/page"}],"author":[{"embeddable":true,"href":"https:\/\/www.goldrate24.com\/fr\/wp-json\/wp\/v2\/users\/1"}],"replies":[{"embeddable":true,"href":"https:\/\/www.goldrate24.com\/fr\/wp-json\/wp\/v2\/comments?post=2198"}],"version-history":[{"count":1,"href":"https:\/\/www.goldrate24.com\/fr\/wp-json\/wp\/v2\/pages\/2198\/revisions"}],"predecessor-version":[{"id":11536,"href":"https:\/\/www.goldrate24.com\/fr\/wp-json\/wp\/v2\/pages\/2198\/revisions\/11536"}],"up":[{"embeddable":true,"href":"https:\/\/www.goldrate24.com\/fr\/wp-json\/wp\/v2\/pages\/1591"}],"wp:attachment":[{"href":"https:\/\/www.goldrate24.com\/fr\/wp-json\/wp\/v2\/media?parent=2198"}],"wp:term":[{"taxonomy":"post_tag","embeddable":true,"href":"https:\/\/www.goldrate24.com\/fr\/wp-json\/wp\/v2\/tags?post=2198"}],"curies":[{"name":"wp","href":"https:\/\/api.w.org\/{rel}","templated":true}]}}