{"id":2170,"date":"2013-01-16T04:01:52","date_gmt":"2013-01-16T04:01:52","guid":{"rendered":"http:\/\/www.goldrate24.com\/amerique-du-nord\/"},"modified":"2025-11-20T12:31:01","modified_gmt":"2025-11-20T12:31:01","slug":"amerique-du-nord","status":"publish","type":"page","link":"https:\/\/www.goldrate24.com\/fr\/prix-de-lor\/amerique-du-nord\/","title":{"rendered":"Prix de l&#8217;or aujourd&#8217;hui en Am\u00e9rique du Nord"},"content":{"rendered":"<p><span lang=\"fr\">Prix de l&#8217;or aujourd&#8217;hui en Am\u00e9rique du Nord : Voici un tableau r\u00e9capitulant tous les pays d&#8217;Am\u00e9rique du Nord. <\/span><span lang=\"fr\">Faites d\u00e9filer jusqu&#8217;\u00e0 votre pays puis cliquez sur, pour afficher les d\u00e9tails du prix de l&#8217;or dans ce pays. <\/span><span lang=\"fr\">Pour un acc\u00e8s facile, vous pouvez \u00e9galement taper pour effectuer une recherche pour les noms de pays, nom de la devise ou code de devise dans la colonne correspondante.<\/span><\/p>\n    <div id=\"wmscc_gold_main\">\n        <!-- rectangle:--><!-- rectangle-->\r\n<div class=\"ads\">\r\n<script async src=\"\/\/pagead2.googlesyndication.com\/pagead\/js\/adsbygoogle.js\"><\/script>\r\n<!-- gr24-res -->\r\n<ins class=\"adsbygoogle\"\r\n     style=\"display:block\"\r\n     data-ad-client=\"ca-pub-0171684530079824\"\r\n     data-ad-slot=\"3571058915\"\r\n     data-ad-format=\"rectangle\"><\/ins>\r\n<script>\r\n(adsbygoogle = window.adsbygoogle || []).push({});\r\n<\/script>\r\n<\/div>        <table id=\"table_exp\" class=\"sortable table table-sm table-striped table-hover\">\n            <thead>\n                <tr>\n                    <td class=\"continent\">\n                        <h1 class=\"h2\"> Prix de l'or aujourd'hui en Am\u00e9rique du Nord<img loading=\"lazy\" decoding=\"async\" src=\"https:\/\/www.goldrate24.com\/wp-content\/plugins\/goldrate24\/country-flags\/north-america.gif\" width=\"40\" height=\"33\" align=\"absmiddle\" \/><\/h1>\n                    <\/td>\n                <\/tr>\n            <\/thead>\n\n                            <tr>\n                    <th>\n                                                <a href=\"https:\/\/www.goldrate24.com\/fr\/prix-de-lor\/amerique-du-nord\/aruba\/\" title=\"Prix de l'or en Aruba en Aruba Florin\"><img loading=\"lazy\" decoding=\"async\" src=\"https:\/\/www.goldrate24.com\/wp-content\/plugins\/goldrate24\/country-flags\/aruba.svg\" height=\"24\" width=\"24\" align=\"absmiddle\" \/> \n                        Prix de l\u2019or en Aruba en florin arubais (AWG)                    <\/a>\n                    <\/th>\n                <\/tr>\n                            <tr>\n                    <th>\n                                                <a href=\"https:\/\/www.goldrate24.com\/fr\/prix-de-lor\/amerique-du-nord\/honduras\/\" title=\"Prix de l'or aujourd'hui en Honduras\"><img loading=\"lazy\" decoding=\"async\" src=\"https:\/\/www.goldrate24.com\/wp-content\/plugins\/goldrate24\/country-flags\/honduras.svg\" height=\"24\" width=\"24\" align=\"absmiddle\" \/> \n                        Prix de l\u2019or en Honduras en lempira hondurien (HNL)                    <\/a>\n                    <\/th>\n                <\/tr>\n                            <tr>\n                    <th>\n                                                <a href=\"https:\/\/www.goldrate24.com\/fr\/prix-de-lor\/amerique-du-nord\/jamaique\/\" title=\"Prix de l'or en Jama\u00efque\"><img loading=\"lazy\" decoding=\"async\" src=\"https:\/\/www.goldrate24.com\/wp-content\/plugins\/goldrate24\/country-flags\/jamaica.svg\" height=\"24\" width=\"24\" align=\"absmiddle\" \/> \n                        Prix de l\u2019or en Jama\u00efque en dollar jama\u00efcain (JMD)                    <\/a>\n                    <\/th>\n                <\/tr>\n                            <tr>\n                    <th>\n                                                <a href=\"https:\/\/www.goldrate24.com\/fr\/prix-de-lor\/amerique-du-nord\/mexique\/\" title=\"Prix de l'or en Mexique\"><img loading=\"lazy\" decoding=\"async\" src=\"https:\/\/www.goldrate24.com\/wp-content\/plugins\/goldrate24\/country-flags\/mexico.svg\" height=\"24\" width=\"24\" align=\"absmiddle\" \/> \n                        Prix de l\u2019or en Mexique en peso mexicain (MXN)                    <\/a>\n                    <\/th>\n                <\/tr>\n                            <tr>\n                    <th>\n                                                <a href=\"https:\/\/www.goldrate24.com\/fr\/prix-de-lor\/amerique-du-nord\/antilles-neerlandaises\/\" title=\"Prix de l'or en Antilles n\u00e9erlandaises\"><img loading=\"lazy\" decoding=\"async\" src=\"https:\/\/www.goldrate24.com\/wp-content\/plugins\/goldrate24\/country-flags\/netherlands_antilles.svg\" height=\"24\" width=\"24\" align=\"absmiddle\" \/> \n                        Prix de l\u2019or en Antilles N\u00e9erlandaises en florin des Antilles n\u00e9erlandaises (ANG)                    <\/a>\n                    <\/th>\n                <\/tr>\n                            <tr>\n                    <th>\n                                                <a href=\"https:\/\/www.goldrate24.com\/fr\/prix-de-lor\/amerique-du-nord\/nicaragua\/\" title=\"Prix de l'or en Nicaragua\"><img loading=\"lazy\" decoding=\"async\" src=\"https:\/\/www.goldrate24.com\/wp-content\/plugins\/goldrate24\/country-flags\/nicaragua.svg\" height=\"24\" width=\"24\" align=\"absmiddle\" \/> \n                        Prix de l\u2019or en Nicaragua en cordoba nicaraguayen (NIO)                    <\/a>\n                    <\/th>\n                <\/tr>\n                            <tr>\n                    <th>\n                                                <a href=\"https:\/\/www.goldrate24.com\/fr\/prix-de-lor\/amerique-du-nord\/panama\/\" title=\"Prix de l'or en Panama en Panama Balboa\"><img loading=\"lazy\" decoding=\"async\" src=\"https:\/\/www.goldrate24.com\/wp-content\/plugins\/goldrate24\/country-flags\/panama.svg\" height=\"24\" width=\"24\" align=\"absmiddle\" \/> \n                        Prix de l\u2019or en Panama en balboa panam\u00e9en (PAB)                    <\/a>\n                    <\/th>\n                <\/tr>\n                            <tr>\n                    <th>\n                                                <a href=\"https:\/\/www.goldrate24.com\/fr\/prix-de-lor\/amerique-du-nord\/saint-kitts\/\" title=\"Prix de l'or en Saint-Kitts en Dollar des Cara\u00efbes orientales\"><img loading=\"lazy\" decoding=\"async\" src=\"https:\/\/www.goldrate24.com\/wp-content\/plugins\/goldrate24\/country-flags\/saint_kitts.svg\" height=\"24\" width=\"24\" align=\"absmiddle\" \/> \n                        Prix de l\u2019or en Saint-Christophe en dollar des Cara\u00efbes orientales (XCD)                    <\/a>\n                    <\/th>\n                <\/tr>\n                            <tr>\n                    <th>\n                                                <a href=\"https:\/\/www.goldrate24.com\/fr\/prix-de-lor\/amerique-du-nord\/trinite-et-tobago\/\" title=\"Prix de l'or en Trinit\u00e9-et-Tobago\"><img loading=\"lazy\" decoding=\"async\" src=\"https:\/\/www.goldrate24.com\/wp-content\/plugins\/goldrate24\/country-flags\/trinidad_and_tobago.svg\" height=\"24\" width=\"24\" align=\"absmiddle\" \/> \n                        Prix de l\u2019or en Trinit\u00e9-et-Tobago en dollar de Trinit\u00e9-et-Tobago (TTD)                    <\/a>\n                    <\/th>\n                <\/tr>\n                            <tr>\n                    <th>\n                                                <a href=\"https:\/\/www.goldrate24.com\/fr\/prix-de-lor\/amerique-du-nord\/haiti\/\" title=\"Prix de l'or en Ha\u00efti\"><img loading=\"lazy\" decoding=\"async\" src=\"https:\/\/www.goldrate24.com\/wp-content\/plugins\/goldrate24\/country-flags\/haiti.svg\" height=\"24\" width=\"24\" align=\"absmiddle\" \/> \n                        Prix de l\u2019or en Ha\u00efti en gourde ha\u00eftienne (HTG)                    <\/a>\n                    <\/th>\n                <\/tr>\n                            <tr>\n                    <th>\n                                                <a href=\"https:\/\/www.goldrate24.com\/fr\/prix-de-lor\/amerique-du-nord\/guatemala\/\" title=\"Prix de l'or aujourd'hui en Guatemala\"><img loading=\"lazy\" decoding=\"async\" src=\"https:\/\/www.goldrate24.com\/wp-content\/plugins\/goldrate24\/country-flags\/guatemala.svg\" height=\"24\" width=\"24\" align=\"absmiddle\" \/> \n                        Prix de l\u2019or en Guatemala en quetzal guat\u00e9malt\u00e8que (GTQ)                    <\/a>\n                    <\/th>\n                <\/tr>\n                            <tr>\n                    <th>\n                                                <a href=\"https:\/\/www.goldrate24.com\/fr\/prix-de-lor\/amerique-du-nord\/salvador\/\" title=\"Prix de l'or en Salvador\"><img loading=\"lazy\" decoding=\"async\" src=\"https:\/\/www.goldrate24.com\/wp-content\/plugins\/goldrate24\/country-flags\/el_salvador.svg\" height=\"24\" width=\"24\" align=\"absmiddle\" \/> \n                        Prix de l\u2019or en Salvador en col\u00f3n salvadorien (SVC)                    <\/a>\n                    <\/th>\n                <\/tr>\n                            <tr>\n                    <th>\n                                                <a href=\"https:\/\/www.goldrate24.com\/fr\/prix-de-lor\/amerique-du-nord\/bahamas\/\" title=\"Prix de l'or aujourd'hui en Bahamas\"><img loading=\"lazy\" decoding=\"async\" src=\"https:\/\/www.goldrate24.com\/wp-content\/plugins\/goldrate24\/country-flags\/bahamas.svg\" height=\"24\" width=\"24\" align=\"absmiddle\" \/> \n                        Prix de l\u2019or en Bahamas en dollar des Bahamas (BSD)                    <\/a>\n                    <\/th>\n                <\/tr>\n                            <tr>\n                    <th>\n                                                <a href=\"https:\/\/www.goldrate24.com\/fr\/prix-de-lor\/amerique-du-nord\/barbade\/\" title=\"Prix de l'or en Barbade en Dollar de la Barbade\"><img loading=\"lazy\" decoding=\"async\" src=\"https:\/\/www.goldrate24.com\/wp-content\/plugins\/goldrate24\/country-flags\/barbados.svg\" height=\"24\" width=\"24\" align=\"absmiddle\" \/> \n                        Prix de l\u2019or en Barbade en dollar barbadien (BBD)                    <\/a>\n                    <\/th>\n                <\/tr>\n                            <tr>\n                    <th>\n                                                <a href=\"https:\/\/www.goldrate24.com\/fr\/prix-de-lor\/amerique-du-nord\/belize\/\" title=\"Prix de l'or en Belize en Dollar de Belize\"><img loading=\"lazy\" decoding=\"async\" src=\"https:\/\/www.goldrate24.com\/wp-content\/plugins\/goldrate24\/country-flags\/belize.svg\" height=\"24\" width=\"24\" align=\"absmiddle\" \/> \n                        Prix de l\u2019or en Belize en dollar b\u00e9liz\u00e9en (BZD)                    <\/a>\n                    <\/th>\n                <\/tr>\n                            <tr>\n                    <th>\n                                                <a href=\"https:\/\/www.goldrate24.com\/fr\/prix-de-lor\/amerique-du-nord\/bermudes\/\" title=\"Prix de l'or aujourd'hui en Bermudes\"><img loading=\"lazy\" decoding=\"async\" src=\"https:\/\/www.goldrate24.com\/wp-content\/plugins\/goldrate24\/country-flags\/bermuda.svg\" height=\"24\" width=\"24\" align=\"absmiddle\" \/> \n                        Prix de l\u2019or en Bermudes en dollar bermudien (BMD)                    <\/a>\n                    <\/th>\n                <\/tr>\n                            <tr>\n                    <th>\n                                                <a href=\"https:\/\/www.goldrate24.com\/fr\/prix-de-lor\/amerique-du-nord\/canada\/\" title=\"Prix de l'or en Canada\"><img loading=\"lazy\" decoding=\"async\" src=\"https:\/\/www.goldrate24.com\/wp-content\/plugins\/goldrate24\/country-flags\/canada.svg\" height=\"24\" width=\"24\" align=\"absmiddle\" \/> \n                        Prix de l\u2019or en Canada en dollar canadien (CAD)                    <\/a>\n                    <\/th>\n                <\/tr>\n                            <tr>\n                    <th>\n                                                <a href=\"https:\/\/www.goldrate24.com\/fr\/prix-de-lor\/amerique-du-nord\/costa-rica\/\" title=\"Prix de l'or en Costa Rica en Costa Rica Col\u00f3n\"><img loading=\"lazy\" decoding=\"async\" src=\"https:\/\/www.goldrate24.com\/wp-content\/plugins\/goldrate24\/country-flags\/costa_rica.svg\" height=\"24\" width=\"24\" align=\"absmiddle\" \/> \n                        Prix de l\u2019or en Costa Rica en col\u00f3n costaricien (CRC)                    <\/a>\n                    <\/th>\n                <\/tr>\n                            <tr>\n                    <th>\n                                                <a href=\"https:\/\/www.goldrate24.com\/fr\/prix-de-lor\/amerique-du-nord\/cuba\/\" title=\"Prix de l'or en Cuba en Peso Cubain\"><img loading=\"lazy\" decoding=\"async\" src=\"https:\/\/www.goldrate24.com\/wp-content\/plugins\/goldrate24\/country-flags\/cuba.svg\" height=\"24\" width=\"24\" align=\"absmiddle\" \/> \n                        Prix de l\u2019or en Cuba en peso cubain (CUP)                    <\/a>\n                    <\/th>\n                <\/tr>\n                            <tr>\n                    <th>\n                                                <a href=\"https:\/\/www.goldrate24.com\/fr\/prix-de-lor\/amerique-du-nord\/republique-dominicaine\/\" title=\"Prix de l'or aujourd'hui en R\u00e9publique Dominicaine\"><img loading=\"lazy\" decoding=\"async\" src=\"https:\/\/www.goldrate24.com\/wp-content\/plugins\/goldrate24\/country-flags\/dominican_republic.svg\" height=\"24\" width=\"24\" align=\"absmiddle\" \/> \n                        Prix de l\u2019or en R\u00e9publique Dominicaine en peso dominicain (DOP)                    <\/a>\n                    <\/th>\n                <\/tr>\n                            <tr>\n                    <th>\n                                                <a href=\"https:\/\/www.goldrate24.com\/fr\/prix-de-lor\/amerique-du-nord\/les-etats-unis\/\" title=\"Prix de l'or aujourd'hui en Les \u00c9tats-Unis\"><img loading=\"lazy\" decoding=\"async\" src=\"https:\/\/www.goldrate24.com\/wp-content\/plugins\/goldrate24\/country-flags\/united_states.svg\" height=\"24\" width=\"24\" align=\"absmiddle\" \/> \n                        Prix de l\u2019or en \u00c9tats-Unis en dollars am\u00e9ricains (USD)                    <\/a>\n                    <\/th>\n                <\/tr>\n            \n        <\/table>\n        <!-- rectangle:--><!-- rectangle-->\r\n<div class=\"ads\">\r\n<script async src=\"\/\/pagead2.googlesyndication.com\/pagead\/js\/adsbygoogle.js\"><\/script>\r\n<!-- gr24-res -->\r\n<ins class=\"adsbygoogle\"\r\n     style=\"display:block\"\r\n     data-ad-client=\"ca-pub-0171684530079824\"\r\n     data-ad-slot=\"3571058915\"\r\n     data-ad-format=\"rectangle\"><\/ins>\r\n<script>\r\n(adsbygoogle = window.adsbygoogle || []).push({});\r\n<\/script>\r\n<\/div>    <\/div>\n\n<p><span lang=\"fr\" style=\"font-size: 12px; color: #000000; font-family: Arial; line-height: normal; white-space: pre-wrap;\">\u00a0<\/span><\/p>\n","protected":false},"excerpt":{"rendered":"<p>Prix de l&#8217;or aujourd&#8217;hui en Am\u00e9rique du Nord  par once et gramme de carats diff\u00e9rents. En plus des prix et des cartes historiques en or et en argent.<\/p>\n","protected":false},"author":1,"featured_media":0,"parent":1591,"menu_order":0,"comment_status":"open","ping_status":"open","template":"","meta":{"footnotes":""},"tags":[],"class_list":["post-2170","page","type-page","status-publish","hentry"],"_links":{"self":[{"href":"https:\/\/www.goldrate24.com\/fr\/wp-json\/wp\/v2\/pages\/2170","targetHints":{"allow":["GET"]}}],"collection":[{"href":"https:\/\/www.goldrate24.com\/fr\/wp-json\/wp\/v2\/pages"}],"about":[{"href":"https:\/\/www.goldrate24.com\/fr\/wp-json\/wp\/v2\/types\/page"}],"author":[{"embeddable":true,"href":"https:\/\/www.goldrate24.com\/fr\/wp-json\/wp\/v2\/users\/1"}],"replies":[{"embeddable":true,"href":"https:\/\/www.goldrate24.com\/fr\/wp-json\/wp\/v2\/comments?post=2170"}],"version-history":[{"count":1,"href":"https:\/\/www.goldrate24.com\/fr\/wp-json\/wp\/v2\/pages\/2170\/revisions"}],"predecessor-version":[{"id":11548,"href":"https:\/\/www.goldrate24.com\/fr\/wp-json\/wp\/v2\/pages\/2170\/revisions\/11548"}],"up":[{"embeddable":true,"href":"https:\/\/www.goldrate24.com\/fr\/wp-json\/wp\/v2\/pages\/1591"}],"wp:attachment":[{"href":"https:\/\/www.goldrate24.com\/fr\/wp-json\/wp\/v2\/media?parent=2170"}],"wp:term":[{"taxonomy":"post_tag","embeddable":true,"href":"https:\/\/www.goldrate24.com\/fr\/wp-json\/wp\/v2\/tags?post=2170"}],"curies":[{"name":"wp","href":"https:\/\/api.w.org\/{rel}","templated":true}]}}