{"id":2149,"date":"2013-01-16T04:01:52","date_gmt":"2013-01-16T04:01:52","guid":{"rendered":"http:\/\/www.goldrate24.com\/moyen-orient\/"},"modified":"2025-11-20T12:24:26","modified_gmt":"2025-11-20T12:24:26","slug":"moyen-orient","status":"publish","type":"page","link":"https:\/\/www.goldrate24.com\/fr\/prix-de-lor\/moyen-orient\/","title":{"rendered":"Prix de l&#8217;or aujourd&#8217;hui en Moyen Orient"},"content":{"rendered":"<p><span lang=\"fr\">Prix de l&#8217;or aujourd&#8217;hui dans les pays du Moyen-Orient : Voici un tableau r\u00e9capitulant tous les pays du Moyen-Orient. <\/span><span lang=\"fr\">Faites d\u00e9filer jusqu&#8217;\u00e0 votre pays puis cliquez sur, pour afficher les d\u00e9tails du prix de l&#8217;or dans ce pays. <\/span><span lang=\"fr\">Pour un acc\u00e8s facile, vous pouvez \u00e9galement taper pour effectuer une recherche pour les noms de pays, nom de la devise ou code de devise dans la colonne correspondante.<\/span><\/p>\n    <div id=\"wmscc_gold_main\">\n        <!-- rectangle:--><!-- rectangle-->\r\n<div class=\"ads\">\r\n<script async src=\"\/\/pagead2.googlesyndication.com\/pagead\/js\/adsbygoogle.js\"><\/script>\r\n<!-- gr24-res -->\r\n<ins class=\"adsbygoogle\"\r\n     style=\"display:block\"\r\n     data-ad-client=\"ca-pub-0171684530079824\"\r\n     data-ad-slot=\"3571058915\"\r\n     data-ad-format=\"rectangle\"><\/ins>\r\n<script>\r\n(adsbygoogle = window.adsbygoogle || []).push({});\r\n<\/script>\r\n<\/div>        <table id=\"table_exp\" class=\"sortable table table-sm table-striped table-hover\">\n            <thead>\n                <tr>\n                    <td class=\"continent\">\n                        <h1 class=\"h2\"> Prix de l'or aujourd'hui en Moyen-Orient<img loading=\"lazy\" decoding=\"async\" src=\"https:\/\/www.goldrate24.com\/wp-content\/plugins\/goldrate24\/country-flags\/middle-east.gif\" width=\"40\" height=\"33\" align=\"absmiddle\" \/><\/h1>\n                    <\/td>\n                <\/tr>\n            <\/thead>\n\n                            <tr>\n                    <th>\n                                                <a href=\"https:\/\/www.goldrate24.com\/fr\/prix-de-lor\/moyen-orient\/algerie\/\" title=\"Prix de l'or en Alg\u00e9rie en Dinar Alg\u00e9rien\"><img loading=\"lazy\" decoding=\"async\" src=\"https:\/\/www.goldrate24.com\/wp-content\/plugins\/goldrate24\/country-flags\/algeria.svg\" height=\"24\" width=\"24\" align=\"absmiddle\" \/> \n                        Prix de l\u2019or en Alg\u00e9rie en dinar alg\u00e9rien (DZD)                    <\/a>\n                    <\/th>\n                <\/tr>\n                            <tr>\n                    <th>\n                                                <a href=\"https:\/\/www.goldrate24.com\/fr\/prix-de-lor\/moyen-orient\/oman\/\" title=\"Prix de l'or aujourd'hui en Oman\"><img loading=\"lazy\" decoding=\"async\" src=\"https:\/\/www.goldrate24.com\/wp-content\/plugins\/goldrate24\/country-flags\/oman.svg\" height=\"24\" width=\"24\" align=\"absmiddle\" \/> \n                        Prix de l\u2019or en Oman en rial omanais (OMR)                    <\/a>\n                    <\/th>\n                <\/tr>\n                            <tr>\n                    <th>\n                                                <a href=\"https:\/\/www.goldrate24.com\/fr\/prix-de-lor\/moyen-orient\/qatar\/\" title=\"Prix de l'or aujourd'hui en Qatar\"><img loading=\"lazy\" decoding=\"async\" src=\"https:\/\/www.goldrate24.com\/wp-content\/plugins\/goldrate24\/country-flags\/qatar.svg\" height=\"24\" width=\"24\" align=\"absmiddle\" \/> \n                        Prix de l\u2019or en Qatar en rial qatari (QAR)                    <\/a>\n                    <\/th>\n                <\/tr>\n                            <tr>\n                    <th>\n                                                <a href=\"https:\/\/www.goldrate24.com\/fr\/prix-de-lor\/moyen-orient\/arabie-saoudite\/\" title=\"Prix de l'or aujourd'hui en Arabie Saoudite\"><img loading=\"lazy\" decoding=\"async\" src=\"https:\/\/www.goldrate24.com\/wp-content\/plugins\/goldrate24\/country-flags\/saudi_arabia.svg\" height=\"24\" width=\"24\" align=\"absmiddle\" \/> \n                        Prix de l\u2019or en Arabie Saoudite en rial saoudien (SAR)                    <\/a>\n                    <\/th>\n                <\/tr>\n                            <tr>\n                    <th>\n                                                <a href=\"https:\/\/www.goldrate24.com\/fr\/prix-de-lor\/moyen-orient\/somalie\/\" title=\"Prix de l'or en Somalie\"><img loading=\"lazy\" decoding=\"async\" src=\"https:\/\/www.goldrate24.com\/wp-content\/plugins\/goldrate24\/country-flags\/somalia.svg\" height=\"24\" width=\"24\" align=\"absmiddle\" \/> \n                        Prix de l\u2019or en Somalie en shilling somalien (SOS)                    <\/a>\n                    <\/th>\n                <\/tr>\n                            <tr>\n                    <th>\n                                                <a href=\"https:\/\/www.goldrate24.com\/fr\/prix-de-lor\/moyen-orient\/soudan\/\" title=\"Prix de l'or aujourd'hui en Soudan\"><img loading=\"lazy\" decoding=\"async\" src=\"https:\/\/www.goldrate24.com\/wp-content\/plugins\/goldrate24\/country-flags\/sudan.svg\" height=\"24\" width=\"24\" align=\"absmiddle\" \/> \n                        Prix de l\u2019or en Soudan en livre soudanaise (SDG)                    <\/a>\n                    <\/th>\n                <\/tr>\n                            <tr>\n                    <th>\n                                                <a href=\"https:\/\/www.goldrate24.com\/fr\/prix-de-lor\/moyen-orient\/syrie\/\" title=\"Prix de l'or en Syrie\"><img loading=\"lazy\" decoding=\"async\" src=\"https:\/\/www.goldrate24.com\/wp-content\/plugins\/goldrate24\/country-flags\/syria.svg\" height=\"24\" width=\"24\" align=\"absmiddle\" \/> \n                        Prix de l\u2019or en Syrie en livre syrienne (SYP)                    <\/a>\n                    <\/th>\n                <\/tr>\n                            <tr>\n                    <th>\n                                                <a href=\"https:\/\/www.goldrate24.com\/fr\/prix-de-lor\/moyen-orient\/tunisie\/\" title=\"Prix de l'or en Tunisie en Dinar tunisien\"><img loading=\"lazy\" decoding=\"async\" src=\"https:\/\/www.goldrate24.com\/wp-content\/plugins\/goldrate24\/country-flags\/tunisia.svg\" height=\"24\" width=\"24\" align=\"absmiddle\" \/> \n                        Prix de l\u2019or en Tunisie en dinar tunisien (TND)                    <\/a>\n                    <\/th>\n                <\/tr>\n                            <tr>\n                    <th>\n                                                <a href=\"https:\/\/www.goldrate24.com\/fr\/prix-de-lor\/moyen-orient\/emirats-arabes-unis\/\" title=\"Prix de l'or aujourd'hui en \u00c9mirats Arabes Unis\"><img loading=\"lazy\" decoding=\"async\" src=\"https:\/\/www.goldrate24.com\/wp-content\/plugins\/goldrate24\/country-flags\/united_arab_emirates.svg\" height=\"24\" width=\"24\" align=\"absmiddle\" \/> \n                        Prix de l\u2019or en \u00c9mirats Arabes Unis en dirham des \u00c9mirats arabes unis (AED)                    <\/a>\n                    <\/th>\n                <\/tr>\n                            <tr>\n                    <th>\n                                                <a href=\"https:\/\/www.goldrate24.com\/fr\/prix-de-lor\/moyen-orient\/maroc\/\" title=\"Prix de l'or en Maroc en Dirham marocain\"><img loading=\"lazy\" decoding=\"async\" src=\"https:\/\/www.goldrate24.com\/wp-content\/plugins\/goldrate24\/country-flags\/morocco.svg\" height=\"24\" width=\"24\" align=\"absmiddle\" \/> \n                        Prix de l\u2019or en Maroc en dirham marocain (MAD)                    <\/a>\n                    <\/th>\n                <\/tr>\n                            <tr>\n                    <th>\n                                                <a href=\"https:\/\/www.goldrate24.com\/fr\/prix-de-lor\/moyen-orient\/mauritanie\/\" title=\"Prix de l'or aujourd'hui en Mauritanie\"><img loading=\"lazy\" decoding=\"async\" src=\"https:\/\/www.goldrate24.com\/wp-content\/plugins\/goldrate24\/country-flags\/mauritania.svg\" height=\"24\" width=\"24\" align=\"absmiddle\" \/> \n                        Prix de l\u2019or en Mauritanie en ouguiya mauritanien (MRU)                    <\/a>\n                    <\/th>\n                <\/tr>\n                            <tr>\n                    <th>\n                                                <a href=\"https:\/\/www.goldrate24.com\/fr\/prix-de-lor\/moyen-orient\/bahrein\/\" title=\"Prix de l'or aujourd'hui en Bahre\u00efn\"><img loading=\"lazy\" decoding=\"async\" src=\"https:\/\/www.goldrate24.com\/wp-content\/plugins\/goldrate24\/country-flags\/bahrain.svg\" height=\"24\" width=\"24\" align=\"absmiddle\" \/> \n                        Prix de l\u2019or en Bahrain en dinar bahre\u00efni (BHD)                    <\/a>\n                    <\/th>\n                <\/tr>\n                            <tr>\n                    <th>\n                                                <a href=\"https:\/\/www.goldrate24.com\/fr\/prix-de-lor\/moyen-orient\/djibouti\/\" title=\"Prix de l'or en Djibouti en Franc Djiboutien\"><img loading=\"lazy\" decoding=\"async\" src=\"https:\/\/www.goldrate24.com\/wp-content\/plugins\/goldrate24\/country-flags\/djibouti.svg\" height=\"24\" width=\"24\" align=\"absmiddle\" \/> \n                        Prix de l\u2019or en Djibouti en franc djiboutien (DJF)                    <\/a>\n                    <\/th>\n                <\/tr>\n                            <tr>\n                    <th>\n                                                <a href=\"https:\/\/www.goldrate24.com\/fr\/prix-de-lor\/moyen-orient\/egypte\/\" title=\"Prix de l'or en Egypte en Livre \u00e9gyptienne\"><img loading=\"lazy\" decoding=\"async\" src=\"https:\/\/www.goldrate24.com\/wp-content\/plugins\/goldrate24\/country-flags\/egypt.svg\" height=\"24\" width=\"24\" align=\"absmiddle\" \/> \n                        Prix de l\u2019or en \u00c9gypte en livre \u00e9gyptienne (EGP)                    <\/a>\n                    <\/th>\n                <\/tr>\n                            <tr>\n                    <th>\n                                                <a href=\"https:\/\/www.goldrate24.com\/fr\/prix-de-lor\/moyen-orient\/irak\/\" title=\"Prix de l'or aujourd'hui en Irak\"><img loading=\"lazy\" decoding=\"async\" src=\"https:\/\/www.goldrate24.com\/wp-content\/plugins\/goldrate24\/country-flags\/iraq.svg\" height=\"24\" width=\"24\" align=\"absmiddle\" \/> \n                        Prix de l\u2019or en Irak en dinar irakien (IQD)                    <\/a>\n                    <\/th>\n                <\/tr>\n                            <tr>\n                    <th>\n                                                <a href=\"https:\/\/www.goldrate24.com\/fr\/prix-de-lor\/moyen-orient\/jordan\/\" title=\"Prix de l'or en Jordan\"><img loading=\"lazy\" decoding=\"async\" src=\"https:\/\/www.goldrate24.com\/wp-content\/plugins\/goldrate24\/country-flags\/jordan.svg\" height=\"24\" width=\"24\" align=\"absmiddle\" \/> \n                        Prix de l\u2019or en Jordanie en dinar jordanien (JOD)                    <\/a>\n                    <\/th>\n                <\/tr>\n                            <tr>\n                    <th>\n                                                <a href=\"https:\/\/www.goldrate24.com\/fr\/prix-de-lor\/moyen-orient\/le-koweit\/\" title=\"Prix de l'or en le Kowe\u00eft\"><img loading=\"lazy\" decoding=\"async\" src=\"https:\/\/www.goldrate24.com\/wp-content\/plugins\/goldrate24\/country-flags\/kuwait.svg\" height=\"24\" width=\"24\" align=\"absmiddle\" \/> \n                        Prix de l\u2019or en Kowe\u00eft en dinar kowe\u00eftien (KWD)                    <\/a>\n                    <\/th>\n                <\/tr>\n                            <tr>\n                    <th>\n                                                <a href=\"https:\/\/www.goldrate24.com\/fr\/prix-de-lor\/moyen-orient\/liban\/\" title=\"Prix de l'or aujourd'hui en Liban\"><img loading=\"lazy\" decoding=\"async\" src=\"https:\/\/www.goldrate24.com\/wp-content\/plugins\/goldrate24\/country-flags\/lebanon.svg\" height=\"24\" width=\"24\" align=\"absmiddle\" \/> \n                        Prix de l\u2019or en Liban en livre libanaise (LBP)                    <\/a>\n                    <\/th>\n                <\/tr>\n                            <tr>\n                    <th>\n                                                <a href=\"https:\/\/www.goldrate24.com\/fr\/prix-de-lor\/moyen-orient\/libye\/\" title=\"Prix de l'or en Libye\"><img loading=\"lazy\" decoding=\"async\" src=\"https:\/\/www.goldrate24.com\/wp-content\/plugins\/goldrate24\/country-flags\/libya.svg\" height=\"24\" width=\"24\" align=\"absmiddle\" \/> \n                        Prix de l\u2019or en Libye en dinar libyen (LYD)                    <\/a>\n                    <\/th>\n                <\/tr>\n                            <tr>\n                    <th>\n                                                <a href=\"https:\/\/www.goldrate24.com\/fr\/prix-de-lor\/moyen-orient\/yemen\/\" title=\"Prix de l'or en Y\u00e9men en rial y\u00e9m\u00e9nite\"><img loading=\"lazy\" decoding=\"async\" src=\"https:\/\/www.goldrate24.com\/wp-content\/plugins\/goldrate24\/country-flags\/yemen.svg\" height=\"24\" width=\"24\" align=\"absmiddle\" \/> \n                        Prix de l\u2019or en Yemen en rial y\u00e9m\u00e9nite (YER)                    <\/a>\n                    <\/th>\n                <\/tr>\n            \n        <\/table>\n        <!-- rectangle:--><!-- rectangle-->\r\n<div class=\"ads\">\r\n<script async src=\"\/\/pagead2.googlesyndication.com\/pagead\/js\/adsbygoogle.js\"><\/script>\r\n<!-- gr24-res -->\r\n<ins class=\"adsbygoogle\"\r\n     style=\"display:block\"\r\n     data-ad-client=\"ca-pub-0171684530079824\"\r\n     data-ad-slot=\"3571058915\"\r\n     data-ad-format=\"rectangle\"><\/ins>\r\n<script>\r\n(adsbygoogle = window.adsbygoogle || []).push({});\r\n<\/script>\r\n<\/div>    <\/div>\n\n","protected":false},"excerpt":{"rendered":"<p>Taux d&#8217;or aujourd&#8217;hui en Moyen Orient  par once et gramme. Affiche des cartes historiques en or et en argent.<\/p>\n","protected":false},"author":1,"featured_media":0,"parent":1591,"menu_order":0,"comment_status":"open","ping_status":"open","template":"","meta":{"footnotes":""},"tags":[],"class_list":["post-2149","page","type-page","status-publish","hentry"],"_links":{"self":[{"href":"https:\/\/www.goldrate24.com\/fr\/wp-json\/wp\/v2\/pages\/2149","targetHints":{"allow":["GET"]}}],"collection":[{"href":"https:\/\/www.goldrate24.com\/fr\/wp-json\/wp\/v2\/pages"}],"about":[{"href":"https:\/\/www.goldrate24.com\/fr\/wp-json\/wp\/v2\/types\/page"}],"author":[{"embeddable":true,"href":"https:\/\/www.goldrate24.com\/fr\/wp-json\/wp\/v2\/users\/1"}],"replies":[{"embeddable":true,"href":"https:\/\/www.goldrate24.com\/fr\/wp-json\/wp\/v2\/comments?post=2149"}],"version-history":[{"count":1,"href":"https:\/\/www.goldrate24.com\/fr\/wp-json\/wp\/v2\/pages\/2149\/revisions"}],"predecessor-version":[{"id":11524,"href":"https:\/\/www.goldrate24.com\/fr\/wp-json\/wp\/v2\/pages\/2149\/revisions\/11524"}],"up":[{"embeddable":true,"href":"https:\/\/www.goldrate24.com\/fr\/wp-json\/wp\/v2\/pages\/1591"}],"wp:attachment":[{"href":"https:\/\/www.goldrate24.com\/fr\/wp-json\/wp\/v2\/media?parent=2149"}],"wp:term":[{"taxonomy":"post_tag","embeddable":true,"href":"https:\/\/www.goldrate24.com\/fr\/wp-json\/wp\/v2\/tags?post=2149"}],"curies":[{"name":"wp","href":"https:\/\/api.w.org\/{rel}","templated":true}]}}