{"id":1855,"date":"2013-01-10T12:36:05","date_gmt":"2013-01-10T12:36:05","guid":{"rendered":"http:\/\/www.goldrate24.com\/?page_id=1855"},"modified":"2025-11-20T12:28:49","modified_gmt":"2025-11-20T12:28:49","slug":"asie","status":"publish","type":"page","link":"https:\/\/www.goldrate24.com\/fr\/prix-de-lor\/asie\/","title":{"rendered":"Prix de l&#8217;or aujourd&#8217;hui en Asie"},"content":{"rendered":"<p>Prix de l&#8217;or aujourd&#8217;hui en Asie : Voici un tableau r\u00e9capitulant tous les pays de l&#8217;Asie. Faites d\u00e9filer jusqu&#8217;\u00e0 votre pays puis cliquez sur, pour afficher les d\u00e9tails du prix de l&#8217;or dans ce pays. Pour un acc\u00e8s facile, vous pouvez \u00e9galement taper pour effectuer une recherche pour les noms de pays, nom de la devise ou code de devise dans la colonne correspondante.<\/p>\n    <div id=\"wmscc_gold_main\">\n        <!-- rectangle:--><!-- rectangle-->\r\n<div class=\"ads\">\r\n<script async src=\"\/\/pagead2.googlesyndication.com\/pagead\/js\/adsbygoogle.js\"><\/script>\r\n<!-- gr24-res -->\r\n<ins class=\"adsbygoogle\"\r\n     style=\"display:block\"\r\n     data-ad-client=\"ca-pub-0171684530079824\"\r\n     data-ad-slot=\"3571058915\"\r\n     data-ad-format=\"rectangle\"><\/ins>\r\n<script>\r\n(adsbygoogle = window.adsbygoogle || []).push({});\r\n<\/script>\r\n<\/div>        <table id=\"table_exp\" class=\"sortable table table-sm table-striped table-hover\">\n            <thead>\n                <tr>\n                    <td class=\"continent\">\n                        <h1 class=\"h2\"> Prix de l'or aujourd'hui en Asie<img loading=\"lazy\" decoding=\"async\" src=\"https:\/\/www.goldrate24.com\/wp-content\/plugins\/goldrate24\/country-flags\/asia.gif\" width=\"40\" height=\"33\" align=\"absmiddle\" \/><\/h1>\n                    <\/td>\n                <\/tr>\n            <\/thead>\n\n                            <tr>\n                    <th>\n                                                <a href=\"https:\/\/www.goldrate24.com\/fr\/prix-de-lor\/asie\/afghanistan\/\" title=\"Prix de l'or en Afghanistan\"><img loading=\"lazy\" decoding=\"async\" src=\"https:\/\/www.goldrate24.com\/wp-content\/plugins\/goldrate24\/country-flags\/afghanistan.svg\" height=\"24\" width=\"24\" align=\"absmiddle\" \/> \n                        Prix de l\u2019or en Afghanistan en afghan afghan (AFN)                    <\/a>\n                    <\/th>\n                <\/tr>\n                            <tr>\n                    <th>\n                                                <a href=\"https:\/\/www.goldrate24.com\/fr\/prix-de-lor\/asie\/mongolie\/\" title=\"Prix de l'or aujourd'hui en Mongolie\"><img loading=\"lazy\" decoding=\"async\" src=\"https:\/\/www.goldrate24.com\/wp-content\/plugins\/goldrate24\/country-flags\/mongolia.svg\" height=\"24\" width=\"24\" align=\"absmiddle\" \/> \n                        Prix de l\u2019or en Mongolie en tugrik mongol (MNT)                    <\/a>\n                    <\/th>\n                <\/tr>\n                            <tr>\n                    <th>\n                                                <a href=\"https:\/\/www.goldrate24.com\/fr\/prix-de-lor\/asie\/myanmar\/\" title=\"Prix de l'or en Myanmar\"><img loading=\"lazy\" decoding=\"async\" src=\"https:\/\/www.goldrate24.com\/wp-content\/plugins\/goldrate24\/country-flags\/myanmar.svg\" height=\"24\" width=\"24\" align=\"absmiddle\" \/> \n                        Prix de l\u2019or en Myanmar en kyat birman (MMK)                    <\/a>\n                    <\/th>\n                <\/tr>\n                            <tr>\n                    <th>\n                                                <a href=\"https:\/\/www.goldrate24.com\/fr\/prix-de-lor\/asie\/nepal\/\" title=\"Prix de l'or en N\u00e9pal\"><img loading=\"lazy\" decoding=\"async\" src=\"https:\/\/www.goldrate24.com\/wp-content\/plugins\/goldrate24\/country-flags\/nepal.svg\" height=\"24\" width=\"24\" align=\"absmiddle\" \/> \n                        Prix de l\u2019or en N\u00e9pal en roupie n\u00e9palaise (NPR)                    <\/a>\n                    <\/th>\n                <\/tr>\n                            <tr>\n                    <th>\n                                                <a href=\"https:\/\/www.goldrate24.com\/fr\/prix-de-lor\/asie\/la-coree-du-nord\/\" title=\"Prix de l'or aujourd'hui en Cor\u00e9e du Nord\"><img loading=\"lazy\" decoding=\"async\" src=\"https:\/\/www.goldrate24.com\/wp-content\/plugins\/goldrate24\/country-flags\/north_korea.svg\" height=\"24\" width=\"24\" align=\"absmiddle\" \/> \n                        Prix de l\u2019or en Cor\u00e9e du Nord en won nord-cor\u00e9en (KPW)                    <\/a>\n                    <\/th>\n                <\/tr>\n                            <tr>\n                    <th>\n                                                <a href=\"https:\/\/www.goldrate24.com\/fr\/prix-de-lor\/asie\/pakistan\/\" title=\"Prix de l'or aujourd'hui en Pakistan\"><img loading=\"lazy\" decoding=\"async\" src=\"https:\/\/www.goldrate24.com\/wp-content\/plugins\/goldrate24\/country-flags\/pakistan.svg\" height=\"24\" width=\"24\" align=\"absmiddle\" \/> \n                        Prix de l\u2019or en Pakistan en roupie pakistanaise (PKR)                    <\/a>\n                    <\/th>\n                <\/tr>\n                            <tr>\n                    <th>\n                                                <a href=\"https:\/\/www.goldrate24.com\/fr\/prix-de-lor\/asie\/philippines\/\" title=\"Prix de l'or en Philippines\"><img loading=\"lazy\" decoding=\"async\" src=\"https:\/\/www.goldrate24.com\/wp-content\/plugins\/goldrate24\/country-flags\/philippines.svg\" height=\"24\" width=\"24\" align=\"absmiddle\" \/> \n                        Prix de l\u2019or en Philippines en peso philippin (PHP)                    <\/a>\n                    <\/th>\n                <\/tr>\n                            <tr>\n                    <th>\n                                                <a href=\"https:\/\/www.goldrate24.com\/fr\/prix-de-lor\/asie\/seychelles\/\" title=\"Prix de l'or aujourd'hui en Seychelles\"><img loading=\"lazy\" decoding=\"async\" src=\"https:\/\/www.goldrate24.com\/wp-content\/plugins\/goldrate24\/country-flags\/seychelles.svg\" height=\"24\" width=\"24\" align=\"absmiddle\" \/> \n                        Prix de l\u2019or en Seychelles en roupie seychelloise (SCR)                    <\/a>\n                    <\/th>\n                <\/tr>\n                            <tr>\n                    <th>\n                                                <a href=\"https:\/\/www.goldrate24.com\/fr\/prix-de-lor\/asie\/singapour\/\" title=\"Prix de l'or en Singapour en Dollar de Singapour\"><img loading=\"lazy\" decoding=\"async\" src=\"https:\/\/www.goldrate24.com\/wp-content\/plugins\/goldrate24\/country-flags\/singapore.svg\" height=\"24\" width=\"24\" align=\"absmiddle\" \/> \n                        Prix de l\u2019or en Singapour en dollar de Singapour (SGD)                    <\/a>\n                    <\/th>\n                <\/tr>\n                            <tr>\n                    <th>\n                                                <a href=\"https:\/\/www.goldrate24.com\/fr\/prix-de-lor\/asie\/iles-salomon\/\" title=\"Prix de l'or en \u00celes Salomon en \u00celes Salomon Dollar\"><img loading=\"lazy\" decoding=\"async\" src=\"https:\/\/www.goldrate24.com\/wp-content\/plugins\/goldrate24\/country-flags\/solomon_islands.svg\" height=\"24\" width=\"24\" align=\"absmiddle\" \/> \n                        Prix de l\u2019or en \u00celes Salomon en dollar des \u00eeles Salomon (SBD)                    <\/a>\n                    <\/th>\n                <\/tr>\n                            <tr>\n                    <th>\n                                                <a href=\"https:\/\/www.goldrate24.com\/fr\/prix-de-lor\/asie\/coree-du-sud\/\" title=\"Prix de l'or en Cor\u00e9e du Sud en won sud-cor\u00e9en\"><img loading=\"lazy\" decoding=\"async\" src=\"https:\/\/www.goldrate24.com\/wp-content\/plugins\/goldrate24\/country-flags\/south_korea.svg\" height=\"24\" width=\"24\" align=\"absmiddle\" \/> \n                        Prix de l\u2019or en Cor\u00e9e du Sud en won sud-cor\u00e9en (KRW)                    <\/a>\n                    <\/th>\n                <\/tr>\n                            <tr>\n                    <th>\n                                                <a href=\"https:\/\/www.goldrate24.com\/fr\/prix-de-lor\/asie\/sri-lanka\/\" title=\"Prix de l'or aujourd'hui en Sri Lanka\"><img loading=\"lazy\" decoding=\"async\" src=\"https:\/\/www.goldrate24.com\/wp-content\/plugins\/goldrate24\/country-flags\/sri_lanka.svg\" height=\"24\" width=\"24\" align=\"absmiddle\" \/> \n                        Prix de l\u2019or en Sri Lanka en roupie de Sri Lanka (LKR)                    <\/a>\n                    <\/th>\n                <\/tr>\n                            <tr>\n                    <th>\n                                                <a href=\"https:\/\/www.goldrate24.com\/fr\/prix-de-lor\/asie\/taiwan\/\" title=\"Prix de l'or aujourd'hui en Ta\u00efwan\"><img loading=\"lazy\" decoding=\"async\" src=\"https:\/\/www.goldrate24.com\/wp-content\/plugins\/goldrate24\/country-flags\/taiwan.svg\" height=\"24\" width=\"24\" align=\"absmiddle\" \/> \n                        Prix de l\u2019or en Taiwan en dollar ta\u00efwanais (TWD)                    <\/a>\n                    <\/th>\n                <\/tr>\n                            <tr>\n                    <th>\n                                                <a href=\"https:\/\/www.goldrate24.com\/fr\/prix-de-lor\/asie\/tadjikistan\/\" title=\"Prix de l'or aujourd'hui en Tadjikistan\"><img loading=\"lazy\" decoding=\"async\" src=\"https:\/\/www.goldrate24.com\/wp-content\/plugins\/goldrate24\/country-flags\/tajikistan.svg\" height=\"24\" width=\"24\" align=\"absmiddle\" \/> \n                        Prix de l\u2019or en Tadjikistan en somoni tadjik (TJS)                    <\/a>\n                    <\/th>\n                <\/tr>\n                            <tr>\n                    <th>\n                                                <a href=\"https:\/\/www.goldrate24.com\/fr\/prix-de-lor\/asie\/thailande\/\" title=\"Prix de l'or en Tha\u00eflande en Baht tha\u00eflandais\"><img loading=\"lazy\" decoding=\"async\" src=\"https:\/\/www.goldrate24.com\/wp-content\/plugins\/goldrate24\/country-flags\/thailand.svg\" height=\"24\" width=\"24\" align=\"absmiddle\" \/> \n                        Prix de l\u2019or en Tha\u00eflande en baht tha\u00eflandais (THB)                    <\/a>\n                    <\/th>\n                <\/tr>\n                            <tr>\n                    <th>\n                                                <a href=\"https:\/\/www.goldrate24.com\/fr\/prix-de-lor\/asie\/turkmenistan\/\" title=\"Prix de l'or aujourd'hui en Turkm\u00e9nistan\"><img loading=\"lazy\" decoding=\"async\" src=\"https:\/\/www.goldrate24.com\/wp-content\/plugins\/goldrate24\/country-flags\/turkmenistan.svg\" height=\"24\" width=\"24\" align=\"absmiddle\" \/> \n                        Prix de l\u2019or en Turkm\u00e9nistan en nouveau manat turkm\u00e8ne (TMT)                    <\/a>\n                    <\/th>\n                <\/tr>\n                            <tr>\n                    <th>\n                                                <a href=\"https:\/\/www.goldrate24.com\/fr\/prix-de-lor\/asie\/ouzbekistan\/\" title=\"Prix de l'or aujourd'hui en Ouzb\u00e9kistan\"><img loading=\"lazy\" decoding=\"async\" src=\"https:\/\/www.goldrate24.com\/wp-content\/plugins\/goldrate24\/country-flags\/uzbekistan.svg\" height=\"24\" width=\"24\" align=\"absmiddle\" \/> \n                        Prix de l\u2019or en Ouzb\u00e9kistan en Ouzb\u00e9kistan som (UZS)                    <\/a>\n                    <\/th>\n                <\/tr>\n                            <tr>\n                    <th>\n                                                <a href=\"https:\/\/www.goldrate24.com\/fr\/prix-de-lor\/asie\/vanuatu\/\" title=\"Prix de l'or en Vanuatu\"><img loading=\"lazy\" decoding=\"async\" src=\"https:\/\/www.goldrate24.com\/wp-content\/plugins\/goldrate24\/country-flags\/vanuatu.svg\" height=\"24\" width=\"24\" align=\"absmiddle\" \/> \n                        Prix de l\u2019or en Vanuatu \u00e0 Vanuatu Vatu (VUV)                    <\/a>\n                    <\/th>\n                <\/tr>\n                            <tr>\n                    <th>\n                                                <a href=\"https:\/\/www.goldrate24.com\/fr\/prix-de-lor\/asie\/maldives\/\" title=\"Prix de l'or en Maldives en Rufiyaa des Maldives\"><img loading=\"lazy\" decoding=\"async\" src=\"https:\/\/www.goldrate24.com\/wp-content\/plugins\/goldrate24\/country-flags\/maldives.svg\" height=\"24\" width=\"24\" align=\"absmiddle\" \/> \n                        Prix de l\u2019or en Maldives en rufiyaa des Maldives (MVR)                    <\/a>\n                    <\/th>\n                <\/tr>\n                            <tr>\n                    <th>\n                                                <a href=\"https:\/\/www.goldrate24.com\/fr\/prix-de-lor\/asie\/malaisie\/\" title=\"Prix de l'or en Malaisie en Ringgit de Malaisie\"><img loading=\"lazy\" decoding=\"async\" src=\"https:\/\/www.goldrate24.com\/wp-content\/plugins\/goldrate24\/country-flags\/malaysia.svg\" height=\"24\" width=\"24\" align=\"absmiddle\" \/> \n                        Prix de l\u2019or en Malaisie en ringgit malais (MYR)                    <\/a>\n                    <\/th>\n                <\/tr>\n                            <tr>\n                    <th>\n                                                <a href=\"https:\/\/www.goldrate24.com\/fr\/prix-de-lor\/asie\/macau\/\" title=\"Prix de l'or en Macao\"><img loading=\"lazy\" decoding=\"async\" src=\"https:\/\/www.goldrate24.com\/wp-content\/plugins\/goldrate24\/country-flags\/macau.svg\" height=\"24\" width=\"24\" align=\"absmiddle\" \/> \n                        Prix de l\u2019or en Macao en pataca macanaise (MOP)                    <\/a>\n                    <\/th>\n                <\/tr>\n                            <tr>\n                    <th>\n                                                <a href=\"https:\/\/www.goldrate24.com\/fr\/prix-de-lor\/asie\/armenie\/\" title=\"Prix de l'or en l'Arm\u00e9nie' en dram arm\u00e9nien\"><img loading=\"lazy\" decoding=\"async\" src=\"https:\/\/www.goldrate24.com\/wp-content\/plugins\/goldrate24\/country-flags\/armenia.svg\" height=\"24\" width=\"24\" align=\"absmiddle\" \/> \n                        Prix de l\u2019or en Arm\u00e9nie en dram arm\u00e9nien (AMD)                    <\/a>\n                    <\/th>\n                <\/tr>\n                            <tr>\n                    <th>\n                                                <a href=\"https:\/\/www.goldrate24.com\/fr\/prix-de-lor\/asie\/azerbaidjan\/\" title=\"Prix de l'or en Azerba\u00efdjan\"><img loading=\"lazy\" decoding=\"async\" src=\"https:\/\/www.goldrate24.com\/wp-content\/plugins\/goldrate24\/country-flags\/azerbaijan.svg\" height=\"24\" width=\"24\" align=\"absmiddle\" \/> \n                        Prix de l\u2019or en Azerba\u00efdjan en manat azerba\u00efdjanais (AZN)                    <\/a>\n                    <\/th>\n                <\/tr>\n                            <tr>\n                    <th>\n                                                <a href=\"https:\/\/www.goldrate24.com\/fr\/prix-de-lor\/asie\/bangladesh\/\" title=\"Prix de l'or en Bangladesh\"><img loading=\"lazy\" decoding=\"async\" src=\"https:\/\/www.goldrate24.com\/wp-content\/plugins\/goldrate24\/country-flags\/bangladesh.svg\" height=\"24\" width=\"24\" align=\"absmiddle\" \/> \n                        Prix de l\u2019or en Bangladesh en taka du Bangladesh (BDT)                    <\/a>\n                    <\/th>\n                <\/tr>\n                            <tr>\n                    <th>\n                                                <a href=\"https:\/\/www.goldrate24.com\/fr\/prix-de-lor\/asie\/bhoutan\/\" title=\"Prix de l'or en le Bhoutan en Ngultrum\"><img loading=\"lazy\" decoding=\"async\" src=\"https:\/\/www.goldrate24.com\/wp-content\/plugins\/goldrate24\/country-flags\/bhutan.svg\" height=\"24\" width=\"24\" align=\"absmiddle\" \/> \n                        Prix de l\u2019or en Bhoutan en ngultrum bhoutanais (BTN)                    <\/a>\n                    <\/th>\n                <\/tr>\n                            <tr>\n                    <th>\n                                                <a href=\"https:\/\/www.goldrate24.com\/fr\/prix-de-lor\/asie\/brunei\/\" title=\"Prix de l'or aujourd'hui en Brunei\"><img loading=\"lazy\" decoding=\"async\" src=\"https:\/\/www.goldrate24.com\/wp-content\/plugins\/goldrate24\/country-flags\/brunei.svg\" height=\"24\" width=\"24\" align=\"absmiddle\" \/> \n                        Prix de l\u2019or en Brunei en dollar brun\u00e9ien (BND)                    <\/a>\n                    <\/th>\n                <\/tr>\n                            <tr>\n                    <th>\n                                                <a href=\"https:\/\/www.goldrate24.com\/fr\/prix-de-lor\/asie\/cambodge\/\" title=\"Prix de l'or en Cambodge en riel cambodgien\"><img loading=\"lazy\" decoding=\"async\" src=\"https:\/\/www.goldrate24.com\/wp-content\/plugins\/goldrate24\/country-flags\/cambodia.svg\" height=\"24\" width=\"24\" align=\"absmiddle\" \/> \n                        Prix de l\u2019or en Cambodge en riel cambodgien (KHR)                    <\/a>\n                    <\/th>\n                <\/tr>\n                            <tr>\n                    <th>\n                                                <a href=\"https:\/\/www.goldrate24.com\/fr\/prix-de-lor\/asie\/chine\/\" title=\"Prix de l'or en Chine\"><img loading=\"lazy\" decoding=\"async\" src=\"https:\/\/www.goldrate24.com\/wp-content\/plugins\/goldrate24\/country-flags\/china.svg\" height=\"24\" width=\"24\" align=\"absmiddle\" \/> \n                        Prix de l\u2019or en Chine en yuan chinois (CNY)                    <\/a>\n                    <\/th>\n                <\/tr>\n                            <tr>\n                    <th>\n                                                <a href=\"https:\/\/www.goldrate24.com\/fr\/prix-de-lor\/asie\/georgie\/\" title=\"Prix de l'or en G\u00e9orgie\"><img loading=\"lazy\" decoding=\"async\" src=\"https:\/\/www.goldrate24.com\/wp-content\/plugins\/goldrate24\/country-flags\/georgia.svg\" height=\"24\" width=\"24\" align=\"absmiddle\" \/> \n                        Prix de l\u2019or en G\u00e9orgie en lari g\u00e9orgien (GEL)                    <\/a>\n                    <\/th>\n                <\/tr>\n                            <tr>\n                    <th>\n                                                <a href=\"https:\/\/www.goldrate24.com\/fr\/prix-de-lor\/asie\/hong-kong\/\" title=\"Prix de l'or en Hong Kong\"><img loading=\"lazy\" decoding=\"async\" src=\"https:\/\/www.goldrate24.com\/wp-content\/plugins\/goldrate24\/country-flags\/hong_kong.svg\" height=\"24\" width=\"24\" align=\"absmiddle\" \/> \n                        Prix de l\u2019or en Hong Kong en dollar de Hong Kong (HKD)                    <\/a>\n                    <\/th>\n                <\/tr>\n                            <tr>\n                    <th>\n                                                <a href=\"https:\/\/www.goldrate24.com\/fr\/prix-de-lor\/asie\/inde\/\" title=\"Prix de l'or en Inde en Roupie indienne\"><img loading=\"lazy\" decoding=\"async\" src=\"https:\/\/www.goldrate24.com\/wp-content\/plugins\/goldrate24\/country-flags\/india.svg\" height=\"24\" width=\"24\" align=\"absmiddle\" \/> \n                        Prix de l\u2019or en Inde en roupie indienne (INR)                    <\/a>\n                    <\/th>\n                <\/tr>\n                            <tr>\n                    <th>\n                                                <a href=\"https:\/\/www.goldrate24.com\/fr\/prix-de-lor\/asie\/indonesie\/\" title=\"Prix de l'or en Indon\u00e9sie\"><img loading=\"lazy\" decoding=\"async\" src=\"https:\/\/www.goldrate24.com\/wp-content\/plugins\/goldrate24\/country-flags\/indonesia.svg\" height=\"24\" width=\"24\" align=\"absmiddle\" \/> \n                        Prix de l\u2019or en Indon\u00e9sie en roupie indon\u00e9sienne (IDR)                    <\/a>\n                    <\/th>\n                <\/tr>\n                            <tr>\n                    <th>\n                                                <a href=\"https:\/\/www.goldrate24.com\/fr\/prix-de-lor\/asie\/iran\/\" title=\"Prix de l'or en Iran\"><img loading=\"lazy\" decoding=\"async\" src=\"https:\/\/www.goldrate24.com\/wp-content\/plugins\/goldrate24\/country-flags\/iran.svg\" height=\"24\" width=\"24\" align=\"absmiddle\" \/> \n                        Prix de l\u2019or en Iran en rial iranien (IRR)                    <\/a>\n                    <\/th>\n                <\/tr>\n                            <tr>\n                    <th>\n                                                <a href=\"https:\/\/www.goldrate24.com\/fr\/prix-de-lor\/asie\/israel\/\" title=\"Prix de l'or en Isra\u00ebl\"><img loading=\"lazy\" decoding=\"async\" src=\"https:\/\/www.goldrate24.com\/wp-content\/plugins\/goldrate24\/country-flags\/israel.svg\" height=\"24\" width=\"24\" align=\"absmiddle\" \/> \n                        Prix de l\u2019or en Isra\u00ebl en shekel isra\u00e9lien (ILS)                    <\/a>\n                    <\/th>\n                <\/tr>\n                            <tr>\n                    <th>\n                                                <a href=\"https:\/\/www.goldrate24.com\/fr\/prix-de-lor\/asie\/japon\/\" title=\"Prix de l'or aujourd'hui en Japon\"><img loading=\"lazy\" decoding=\"async\" src=\"https:\/\/www.goldrate24.com\/wp-content\/plugins\/goldrate24\/country-flags\/japan.svg\" height=\"24\" width=\"24\" align=\"absmiddle\" \/> \n                        Prix de l\u2019or en Japon en yen japonais (JPY)                    <\/a>\n                    <\/th>\n                <\/tr>\n                            <tr>\n                    <th>\n                                                <a href=\"https:\/\/www.goldrate24.com\/fr\/prix-de-lor\/asie\/kazakhstan\/\" title=\"Prix de l'or en Kazakhstan\"><img loading=\"lazy\" decoding=\"async\" src=\"https:\/\/www.goldrate24.com\/wp-content\/plugins\/goldrate24\/country-flags\/kazakhstan.svg\" height=\"24\" width=\"24\" align=\"absmiddle\" \/> \n                        Prix de l\u2019or en Kazakhstan en tenge kazakh (KZT)                    <\/a>\n                    <\/th>\n                <\/tr>\n                            <tr>\n                    <th>\n                                                <a href=\"https:\/\/www.goldrate24.com\/fr\/prix-de-lor\/asie\/kirghizistan\/\" title=\"Prix de l'or aujourd'hui en Kirghizistan\"><img loading=\"lazy\" decoding=\"async\" src=\"https:\/\/www.goldrate24.com\/wp-content\/plugins\/goldrate24\/country-flags\/kyrgyzstan.svg\" height=\"24\" width=\"24\" align=\"absmiddle\" \/> \n                        Prix de l\u2019or en Kirghizistan en som kirghize (KGS)                    <\/a>\n                    <\/th>\n                <\/tr>\n                            <tr>\n                    <th>\n                                                <a href=\"https:\/\/www.goldrate24.com\/fr\/prix-de-lor\/asie\/laos\/\" title=\"Prix de l'or aujourd'hui en Laos\"><img loading=\"lazy\" decoding=\"async\" src=\"https:\/\/www.goldrate24.com\/wp-content\/plugins\/goldrate24\/country-flags\/laos.svg\" height=\"24\" width=\"24\" align=\"absmiddle\" \/> \n                        Prix de l\u2019or en Laos en kip laotien (LAK)                    <\/a>\n                    <\/th>\n                <\/tr>\n                            <tr>\n                    <th>\n                                                <a href=\"https:\/\/www.goldrate24.com\/fr\/prix-de-lor\/asie\/vietnam\/\" title=\"Prix de l'or en Vietnam en dong vietnamien\"><img loading=\"lazy\" decoding=\"async\" src=\"https:\/\/www.goldrate24.com\/wp-content\/plugins\/goldrate24\/country-flags\/vietnam.svg\" height=\"24\" width=\"24\" align=\"absmiddle\" \/> \n                        Prix de l\u2019or en Vietnam en dong vietnamien (VND)                    <\/a>\n                    <\/th>\n                <\/tr>\n            \n        <\/table>\n        <!-- rectangle:--><!-- rectangle-->\r\n<div class=\"ads\">\r\n<script async src=\"\/\/pagead2.googlesyndication.com\/pagead\/js\/adsbygoogle.js\"><\/script>\r\n<!-- gr24-res -->\r\n<ins class=\"adsbygoogle\"\r\n     style=\"display:block\"\r\n     data-ad-client=\"ca-pub-0171684530079824\"\r\n     data-ad-slot=\"3571058915\"\r\n     data-ad-format=\"rectangle\"><\/ins>\r\n<script>\r\n(adsbygoogle = window.adsbygoogle || []).push({});\r\n<\/script>\r\n<\/div>    <\/div>\n\n","protected":false},"excerpt":{"rendered":"<p>Taux d&#8217;or aujourd&#8217;hui en Asie  par once et gramme. Affiche des cartes historiques en or et en argent.<\/p>\n","protected":false},"author":1,"featured_media":0,"parent":1591,"menu_order":0,"comment_status":"open","ping_status":"open","template":"","meta":{"footnotes":""},"tags":[],"class_list":["post-1855","page","type-page","status-publish","hentry"],"_links":{"self":[{"href":"https:\/\/www.goldrate24.com\/fr\/wp-json\/wp\/v2\/pages\/1855","targetHints":{"allow":["GET"]}}],"collection":[{"href":"https:\/\/www.goldrate24.com\/fr\/wp-json\/wp\/v2\/pages"}],"about":[{"href":"https:\/\/www.goldrate24.com\/fr\/wp-json\/wp\/v2\/types\/page"}],"author":[{"embeddable":true,"href":"https:\/\/www.goldrate24.com\/fr\/wp-json\/wp\/v2\/users\/1"}],"replies":[{"embeddable":true,"href":"https:\/\/www.goldrate24.com\/fr\/wp-json\/wp\/v2\/comments?post=1855"}],"version-history":[{"count":1,"href":"https:\/\/www.goldrate24.com\/fr\/wp-json\/wp\/v2\/pages\/1855\/revisions"}],"predecessor-version":[{"id":11540,"href":"https:\/\/www.goldrate24.com\/fr\/wp-json\/wp\/v2\/pages\/1855\/revisions\/11540"}],"up":[{"embeddable":true,"href":"https:\/\/www.goldrate24.com\/fr\/wp-json\/wp\/v2\/pages\/1591"}],"wp:attachment":[{"href":"https:\/\/www.goldrate24.com\/fr\/wp-json\/wp\/v2\/media?parent=1855"}],"wp:term":[{"taxonomy":"post_tag","embeddable":true,"href":"https:\/\/www.goldrate24.com\/fr\/wp-json\/wp\/v2\/tags?post=1855"}],"curies":[{"name":"wp","href":"https:\/\/api.w.org\/{rel}","templated":true}]}}