{"id":1593,"date":"2013-01-04T22:04:24","date_gmt":"2013-01-04T22:04:24","guid":{"rendered":"http:\/\/www.goldrate24.com\/?page_id=1593"},"modified":"2025-11-20T12:25:53","modified_gmt":"2025-11-20T12:25:53","slug":"afrique","status":"publish","type":"page","link":"https:\/\/www.goldrate24.com\/fr\/prix-de-lor\/afrique\/","title":{"rendered":"Prix de l&#8217;or en Afrique"},"content":{"rendered":"<div id=\"TranslationOutput\" dir=\"ltr\">\n<div><span lang=\"fr\">Prix de l&#8217;or aujourd&#8217;hui en Afrique : Voici un tableau r\u00e9capitulant tous les pays de l&#8217;Afrique. <\/span><span lang=\"fr\">Faites d\u00e9filer jusqu&#8217;\u00e0 votre pays puis cliquez sur, pour afficher les d\u00e9tails du prix de l&#8217;or dans ce pays. <\/span><span lang=\"fr\">Pour un acc\u00e8s facile, vous pouvez \u00e9galement taper pour effectuer une recherche pour les noms de pays, nom de la devise ou code de devise dans la colonne correspondante.<\/span><\/div>\n<\/div>\n    <div id=\"wmscc_gold_main\">\n        <!-- rectangle:--><!-- rectangle-->\r\n<div class=\"ads\">\r\n<script async src=\"\/\/pagead2.googlesyndication.com\/pagead\/js\/adsbygoogle.js\"><\/script>\r\n<!-- gr24-res -->\r\n<ins class=\"adsbygoogle\"\r\n     style=\"display:block\"\r\n     data-ad-client=\"ca-pub-0171684530079824\"\r\n     data-ad-slot=\"3571058915\"\r\n     data-ad-format=\"rectangle\"><\/ins>\r\n<script>\r\n(adsbygoogle = window.adsbygoogle || []).push({});\r\n<\/script>\r\n<\/div>        <table id=\"table_exp\" class=\"sortable table table-sm table-striped table-hover\">\n            <thead>\n                <tr>\n                    <td class=\"continent\">\n                        <h1 class=\"h2\"> Prix de l'or aujourd'hui en Afrique<img loading=\"lazy\" decoding=\"async\" src=\"https:\/\/www.goldrate24.com\/wp-content\/plugins\/goldrate24\/country-flags\/africa.gif\" width=\"40\" height=\"33\" align=\"absmiddle\" \/><\/h1>\n                    <\/td>\n                <\/tr>\n            <\/thead>\n\n                            <tr>\n                    <th>\n                                                <a href=\"https:\/\/www.goldrate24.com\/fr\/prix-de-lor\/afrique\/angola\/\" title=\"Prix de l'or aujourd'hui en Angola\"><img loading=\"lazy\" decoding=\"async\" src=\"https:\/\/www.goldrate24.com\/wp-content\/plugins\/goldrate24\/country-flags\/angola.svg\" height=\"24\" width=\"24\" align=\"absmiddle\" \/> \n                        Prix de l\u2019or en Angola en kwanza angolais (AOA)                    <\/a>\n                    <\/th>\n                <\/tr>\n                            <tr>\n                    <th>\n                                                <a href=\"https:\/\/www.goldrate24.com\/fr\/prix-de-lor\/afrique\/mozambique\/\" title=\"Prix de l'or en Mozambique en Mozambique Metical\"><img loading=\"lazy\" decoding=\"async\" src=\"https:\/\/www.goldrate24.com\/wp-content\/plugins\/goldrate24\/country-flags\/mozambique.svg\" height=\"24\" width=\"24\" align=\"absmiddle\" \/> \n                        Prix de l\u2019or en Mozambique en metical mozambicain (MZN)                    <\/a>\n                    <\/th>\n                <\/tr>\n                            <tr>\n                    <th>\n                                                <a href=\"https:\/\/www.goldrate24.com\/fr\/prix-de-lor\/afrique\/namibie\/\" title=\"Prix de l'or aujourd'hui en Namibie\"><img loading=\"lazy\" decoding=\"async\" src=\"https:\/\/www.goldrate24.com\/wp-content\/plugins\/goldrate24\/country-flags\/namibia.svg\" height=\"24\" width=\"24\" align=\"absmiddle\" \/> \n                        Prix de l\u2019or en Namibie en dollar namibien (NAD)                    <\/a>\n                    <\/th>\n                <\/tr>\n                            <tr>\n                    <th>\n                                                <a href=\"https:\/\/www.goldrate24.com\/fr\/prix-de-lor\/afrique\/nigeria\/\" title=\"Prix de l'or aujourd'hui en Nig\u00e9ria\"><img loading=\"lazy\" decoding=\"async\" src=\"https:\/\/www.goldrate24.com\/wp-content\/plugins\/goldrate24\/country-flags\/nigeria.svg\" height=\"24\" width=\"24\" align=\"absmiddle\" \/> \n                        Prix de l\u2019or en Nigeria en Naira nig\u00e9rian (NGN)                    <\/a>\n                    <\/th>\n                <\/tr>\n                            <tr>\n                    <th>\n                                                <a href=\"https:\/\/www.goldrate24.com\/fr\/prix-de-lor\/afrique\/rwanda\/\" title=\"Prix de l'or en Rwanda en Franc rwandais\"><img loading=\"lazy\" decoding=\"async\" src=\"https:\/\/www.goldrate24.com\/wp-content\/plugins\/goldrate24\/country-flags\/rwanda.svg\" height=\"24\" width=\"24\" align=\"absmiddle\" \/> \n                        Prix de l\u2019or en Rwanda en franc rwandais (RWF)                    <\/a>\n                    <\/th>\n                <\/tr>\n                            <tr>\n                    <th>\n                                                <a href=\"https:\/\/www.goldrate24.com\/fr\/prix-de-lor\/afrique\/sainte-helene\/\" title=\"Prix de l'or aujourd'hui en Sainte-H\u00e9l\u00e8ne\"><img loading=\"lazy\" decoding=\"async\" src=\"https:\/\/www.goldrate24.com\/wp-content\/plugins\/goldrate24\/country-flags\/saint_helena.svg\" height=\"24\" width=\"24\" align=\"absmiddle\" \/> \n                        Prix de l\u2019or en Sainte-H\u00e9l\u00e8ne en livre de Sainte-H\u00e9l\u00e8ne (SHP)                    <\/a>\n                    <\/th>\n                <\/tr>\n                            <tr>\n                    <th>\n                                                <a href=\"https:\/\/www.goldrate24.com\/fr\/prix-de-lor\/afrique\/senegal\/\" title=\"Prix de l'or en S\u00e9n\u00e9gal\"><img loading=\"lazy\" decoding=\"async\" src=\"https:\/\/www.goldrate24.com\/wp-content\/plugins\/goldrate24\/country-flags\/senegal.svg\" height=\"24\" width=\"24\" align=\"absmiddle\" \/> \n                        Prix de l\u2019or en S\u00e9n\u00e9gal en Franc CFA d'Afrique de l'Ouest (XOF)                    <\/a>\n                    <\/th>\n                <\/tr>\n                            <tr>\n                    <th>\n                                                <a href=\"https:\/\/www.goldrate24.com\/fr\/prix-de-lor\/afrique\/sierra-leone\/\" title=\"Prix de l'or en Sierra Leone en Leone sierra-l\u00e9onais\"><img loading=\"lazy\" decoding=\"async\" src=\"https:\/\/www.goldrate24.com\/wp-content\/plugins\/goldrate24\/country-flags\/sierra_leone.svg\" height=\"24\" width=\"24\" align=\"absmiddle\" \/> \n                        Prix de l\u2019or en Sierra Leone en leone sierra-l\u00e9onais (SLL)                    <\/a>\n                    <\/th>\n                <\/tr>\n                            <tr>\n                    <th>\n                                                <a href=\"https:\/\/www.goldrate24.com\/fr\/prix-de-lor\/afrique\/afrique-du-sud\/\" title=\"Prix de l'or aujourd'hui en Afrique du Sud\"><img loading=\"lazy\" decoding=\"async\" src=\"https:\/\/www.goldrate24.com\/wp-content\/plugins\/goldrate24\/country-flags\/south_africa.svg\" height=\"24\" width=\"24\" align=\"absmiddle\" \/> \n                        Prix de l\u2019or en Afrique du Sud en rand sud-africain (ZAR)                    <\/a>\n                    <\/th>\n                <\/tr>\n                            <tr>\n                    <th>\n                                                <a href=\"https:\/\/www.goldrate24.com\/fr\/prix-de-lor\/afrique\/swaziland\/\" title=\"Prix de l'or en Swaziland\"><img loading=\"lazy\" decoding=\"async\" src=\"https:\/\/www.goldrate24.com\/wp-content\/plugins\/goldrate24\/country-flags\/eswatini.svg\" height=\"24\" width=\"24\" align=\"absmiddle\" \/> \n                        Prix de l\u2019or en Swaziland en Swazi Lilangeni (SZL)                    <\/a>\n                    <\/th>\n                <\/tr>\n                            <tr>\n                    <th>\n                                                <a href=\"https:\/\/www.goldrate24.com\/fr\/prix-de-lor\/afrique\/tanzanie\/\" title=\"Prix de l'or en Tanzanie\"><img loading=\"lazy\" decoding=\"async\" src=\"https:\/\/www.goldrate24.com\/wp-content\/plugins\/goldrate24\/country-flags\/tanzania.svg\" height=\"24\" width=\"24\" align=\"absmiddle\" \/> \n                        Prix de l\u2019or en Tanzanie en shilling tanzanien (TZS)                    <\/a>\n                    <\/th>\n                <\/tr>\n                            <tr>\n                    <th>\n                                                <a href=\"https:\/\/www.goldrate24.com\/fr\/prix-de-lor\/afrique\/ouganda\/\" title=\"Prix de l'or en Ouganda\"><img loading=\"lazy\" decoding=\"async\" src=\"https:\/\/www.goldrate24.com\/wp-content\/plugins\/goldrate24\/country-flags\/uganda.svg\" height=\"24\" width=\"24\" align=\"absmiddle\" \/> \n                        Prix de l\u2019or en Ouganda en shilling ougandais (UGX)                    <\/a>\n                    <\/th>\n                <\/tr>\n                            <tr>\n                    <th>\n                                                <a href=\"https:\/\/www.goldrate24.com\/fr\/prix-de-lor\/afrique\/zambie\/\" title=\"Prix de l'or en Zambie en Kwacha zambien\"><img loading=\"lazy\" decoding=\"async\" src=\"https:\/\/www.goldrate24.com\/wp-content\/plugins\/goldrate24\/country-flags\/zambia.svg\" height=\"24\" width=\"24\" align=\"absmiddle\" \/> \n                        Prix de l\u2019or en Zambie en kwacha zambien (ZMW)                    <\/a>\n                    <\/th>\n                <\/tr>\n                            <tr>\n                    <th>\n                                                <a href=\"https:\/\/www.goldrate24.com\/fr\/prix-de-lor\/afrique\/ile-maurice\/\" title=\"Prix de l'or en Maurice en roupie mauricienne\"><img loading=\"lazy\" decoding=\"async\" src=\"https:\/\/www.goldrate24.com\/wp-content\/plugins\/goldrate24\/country-flags\/mauritius.svg\" height=\"24\" width=\"24\" align=\"absmiddle\" \/> \n                        Prix de l\u2019or en Maurice en roupie mauricienne (MUR)                    <\/a>\n                    <\/th>\n                <\/tr>\n                            <tr>\n                    <th>\n                                                <a href=\"https:\/\/www.goldrate24.com\/fr\/prix-de-lor\/afrique\/malawi\/\" title=\"Prix de l'or aujourd'hui en Malawi\"><img loading=\"lazy\" decoding=\"async\" src=\"https:\/\/www.goldrate24.com\/wp-content\/plugins\/goldrate24\/country-flags\/malawi.svg\" height=\"24\" width=\"24\" align=\"absmiddle\" \/> \n                        Prix de l\u2019or en Malawi en kwacha malawite (MWK)                    <\/a>\n                    <\/th>\n                <\/tr>\n                            <tr>\n                    <th>\n                                                <a href=\"https:\/\/www.goldrate24.com\/fr\/prix-de-lor\/afrique\/madagascar\/\" title=\"Prix de l'or aujourd'hui en Madagascar\"><img loading=\"lazy\" decoding=\"async\" src=\"https:\/\/www.goldrate24.com\/wp-content\/plugins\/goldrate24\/country-flags\/madagascar.svg\" height=\"24\" width=\"24\" align=\"absmiddle\" \/> \n                        Prix de l\u2019or en Madagascar en ariary malgache (MGA)                    <\/a>\n                    <\/th>\n                <\/tr>\n                            <tr>\n                    <th>\n                                                <a href=\"https:\/\/www.goldrate24.com\/fr\/prix-de-lor\/afrique\/botswana\/\" title=\"Prix de l'or aujourd'hui en Botswana\"><img loading=\"lazy\" decoding=\"async\" src=\"https:\/\/www.goldrate24.com\/wp-content\/plugins\/goldrate24\/country-flags\/botswana.svg\" height=\"24\" width=\"24\" align=\"absmiddle\" \/> \n                        Prix de l\u2019or en Botswana dans Pula du Botswana (BWP)                    <\/a>\n                    <\/th>\n                <\/tr>\n                            <tr>\n                    <th>\n                                                <a href=\"https:\/\/www.goldrate24.com\/fr\/prix-de-lor\/afrique\/burundi\/\" title=\"Prix de l'or en Burundi en Franc du Burundi\"><img loading=\"lazy\" decoding=\"async\" src=\"https:\/\/www.goldrate24.com\/wp-content\/plugins\/goldrate24\/country-flags\/burundi.svg\" height=\"24\" width=\"24\" align=\"absmiddle\" \/> \n                        Prix de l\u2019or en Burundi en franc burundais (BIF)                    <\/a>\n                    <\/th>\n                <\/tr>\n                            <tr>\n                    <th>\n                                                <a href=\"https:\/\/www.goldrate24.com\/fr\/prix-de-lor\/afrique\/cameroun\/\" title=\"Prix de l'or aujourd'hui en Cameroun\"><img loading=\"lazy\" decoding=\"async\" src=\"https:\/\/www.goldrate24.com\/wp-content\/plugins\/goldrate24\/country-flags\/cameroon.svg\" height=\"24\" width=\"24\" align=\"absmiddle\" \/> \n                        Prix de l\u2019or en Cameroun en franc CFA d'Afrique centrale (XAF)                    <\/a>\n                    <\/th>\n                <\/tr>\n                            <tr>\n                    <th>\n                                                <a href=\"https:\/\/www.goldrate24.com\/fr\/prix-de-lor\/afrique\/cap-vert\/\" title=\"Prix de l'or en Cap-Vert\"><img loading=\"lazy\" decoding=\"async\" src=\"https:\/\/www.goldrate24.com\/wp-content\/plugins\/goldrate24\/country-flags\/cape_verde.svg\" height=\"24\" width=\"24\" align=\"absmiddle\" \/> \n                        Prix de l\u2019or en Cap Vert en escudo capverdien (CVE)                    <\/a>\n                    <\/th>\n                <\/tr>\n                            <tr>\n                    <th>\n                                                <a href=\"https:\/\/www.goldrate24.com\/fr\/prix-de-lor\/afrique\/comores\/\" title=\"Prix de l'or aujourd'hui en Comores\"><img loading=\"lazy\" decoding=\"async\" src=\"https:\/\/www.goldrate24.com\/wp-content\/plugins\/goldrate24\/country-flags\/comoros.svg\" height=\"24\" width=\"24\" align=\"absmiddle\" \/> \n                        Prix de l\u2019or en Comores en franc comorien (KMF)                    <\/a>\n                    <\/th>\n                <\/tr>\n                            <tr>\n                    <th>\n                                                <a href=\"https:\/\/www.goldrate24.com\/fr\/prix-de-lor\/afrique\/ethiopie\/\" title=\"Prix de l'or aujourd'hui en Ethiopie\"><img loading=\"lazy\" decoding=\"async\" src=\"https:\/\/www.goldrate24.com\/wp-content\/plugins\/goldrate24\/country-flags\/ethiopia.svg\" height=\"24\" width=\"24\" align=\"absmiddle\" \/> \n                        Prix de l\u2019or en \u00c9thiopie en birr \u00e9thiopien (ETB)                    <\/a>\n                    <\/th>\n                <\/tr>\n                            <tr>\n                    <th>\n                                                <a href=\"https:\/\/www.goldrate24.com\/fr\/prix-de-lor\/afrique\/gambia\/\" title=\"Prix de l'or en Gambie\"><img loading=\"lazy\" decoding=\"async\" src=\"https:\/\/www.goldrate24.com\/wp-content\/plugins\/goldrate24\/country-flags\/gambia.svg\" height=\"24\" width=\"24\" align=\"absmiddle\" \/> \n                        Prix de l\u2019or en Gambie en dalasi gambien (GMD)                    <\/a>\n                    <\/th>\n                <\/tr>\n                            <tr>\n                    <th>\n                                                <a href=\"https:\/\/www.goldrate24.com\/fr\/prix-de-lor\/afrique\/ghana\/\" title=\"Prix de l'or en Ghana\"><img loading=\"lazy\" decoding=\"async\" src=\"https:\/\/www.goldrate24.com\/wp-content\/plugins\/goldrate24\/country-flags\/ghana.svg\" height=\"24\" width=\"24\" align=\"absmiddle\" \/> \n                        Prix de l\u2019or en Ghana en c\u00e9di ghan\u00e9en (GHS)                    <\/a>\n                    <\/th>\n                <\/tr>\n                            <tr>\n                    <th>\n                                                <a href=\"https:\/\/www.goldrate24.com\/fr\/prix-de-lor\/afrique\/guinee\/\" title=\"Prix de l'or aujourd'hui en Guin\u00e9e\"><img loading=\"lazy\" decoding=\"async\" src=\"https:\/\/www.goldrate24.com\/wp-content\/plugins\/goldrate24\/country-flags\/guinea.svg\" height=\"24\" width=\"24\" align=\"absmiddle\" \/> \n                        Prix de l\u2019or en Guin\u00e9e en franc guin\u00e9en (GNF)                    <\/a>\n                    <\/th>\n                <\/tr>\n                            <tr>\n                    <th>\n                                                <a href=\"https:\/\/www.goldrate24.com\/fr\/prix-de-lor\/afrique\/kenya\/\" title=\"Prix de l'or en Kenya\"><img loading=\"lazy\" decoding=\"async\" src=\"https:\/\/www.goldrate24.com\/wp-content\/plugins\/goldrate24\/country-flags\/kenya.svg\" height=\"24\" width=\"24\" align=\"absmiddle\" \/> \n                        Prix de l\u2019or en Kenya en shilling k\u00e9nyan (KES)                    <\/a>\n                    <\/th>\n                <\/tr>\n                            <tr>\n                    <th>\n                                                <a href=\"https:\/\/www.goldrate24.com\/fr\/prix-de-lor\/afrique\/lesotho\/\" title=\"Prix de l'or aujourd'hui en Lesotho\"><img loading=\"lazy\" decoding=\"async\" src=\"https:\/\/www.goldrate24.com\/wp-content\/plugins\/goldrate24\/country-flags\/lesotho.svg\" height=\"24\" width=\"24\" align=\"absmiddle\" \/> \n                        Prix de l\u2019or en Lesotho dans Lesotho Loti (LSL)                    <\/a>\n                    <\/th>\n                <\/tr>\n                            <tr>\n                    <th>\n                                                <a href=\"https:\/\/www.goldrate24.com\/fr\/prix-de-lor\/afrique\/liberia\/\" title=\"Prix de l'or aujourd'hui en le Lib\u00e9ria\"><img loading=\"lazy\" decoding=\"async\" src=\"https:\/\/www.goldrate24.com\/wp-content\/plugins\/goldrate24\/country-flags\/liberia.svg\" height=\"24\" width=\"24\" align=\"absmiddle\" \/> \n                        Prix de l\u2019or en Liberia en dollar lib\u00e9rien (LRD)                    <\/a>\n                    <\/th>\n                <\/tr>\n                            <tr>\n                    <th>\n                                                <a href=\"https:\/\/www.goldrate24.com\/fr\/prix-de-lor\/afrique\/zimbabwe\/\" title=\"Prix de l'or en Zimbabwe en Dollar du Zimbabwe\"><img loading=\"lazy\" decoding=\"async\" src=\"https:\/\/www.goldrate24.com\/wp-content\/plugins\/goldrate24\/country-flags\/zimbabwe.svg\" height=\"24\" width=\"24\" align=\"absmiddle\" \/> \n                        Prix de l\u2019or en Zimbabwe en Dollar du Zimbabwe (Le quatri\u00e8me) (ZWL)                    <\/a>\n                    <\/th>\n                <\/tr>\n            \n        <\/table>\n        <!-- rectangle:--><!-- rectangle-->\r\n<div class=\"ads\">\r\n<script async src=\"\/\/pagead2.googlesyndication.com\/pagead\/js\/adsbygoogle.js\"><\/script>\r\n<!-- gr24-res -->\r\n<ins class=\"adsbygoogle\"\r\n     style=\"display:block\"\r\n     data-ad-client=\"ca-pub-0171684530079824\"\r\n     data-ad-slot=\"3571058915\"\r\n     data-ad-format=\"rectangle\"><\/ins>\r\n<script>\r\n(adsbygoogle = window.adsbygoogle || []).push({});\r\n<\/script>\r\n<\/div>    <\/div>\n\n","protected":false},"excerpt":{"rendered":"<p>Or et argent prix aujourd&#8217;hui en Afrique . Affiche les prix par once et gramme en plus des cartes historiques d&#8217;or et d&#8217;argent.<\/p>\n","protected":false},"author":1,"featured_media":0,"parent":1591,"menu_order":0,"comment_status":"open","ping_status":"open","template":"","meta":{"footnotes":""},"tags":[],"class_list":["post-1593","page","type-page","status-publish","hentry"],"_links":{"self":[{"href":"https:\/\/www.goldrate24.com\/fr\/wp-json\/wp\/v2\/pages\/1593","targetHints":{"allow":["GET"]}}],"collection":[{"href":"https:\/\/www.goldrate24.com\/fr\/wp-json\/wp\/v2\/pages"}],"about":[{"href":"https:\/\/www.goldrate24.com\/fr\/wp-json\/wp\/v2\/types\/page"}],"author":[{"embeddable":true,"href":"https:\/\/www.goldrate24.com\/fr\/wp-json\/wp\/v2\/users\/1"}],"replies":[{"embeddable":true,"href":"https:\/\/www.goldrate24.com\/fr\/wp-json\/wp\/v2\/comments?post=1593"}],"version-history":[{"count":1,"href":"https:\/\/www.goldrate24.com\/fr\/wp-json\/wp\/v2\/pages\/1593\/revisions"}],"predecessor-version":[{"id":11528,"href":"https:\/\/www.goldrate24.com\/fr\/wp-json\/wp\/v2\/pages\/1593\/revisions\/11528"}],"up":[{"embeddable":true,"href":"https:\/\/www.goldrate24.com\/fr\/wp-json\/wp\/v2\/pages\/1591"}],"wp:attachment":[{"href":"https:\/\/www.goldrate24.com\/fr\/wp-json\/wp\/v2\/media?parent=1593"}],"wp:term":[{"taxonomy":"post_tag","embeddable":true,"href":"https:\/\/www.goldrate24.com\/fr\/wp-json\/wp\/v2\/tags?post=1593"}],"curies":[{"name":"wp","href":"https:\/\/api.w.org\/{rel}","templated":true}]}}