{"id":2459,"date":"2013-01-17T12:38:00","date_gmt":"2013-01-17T12:38:00","guid":{"rendered":"http:\/\/www.goldrate24.com\/america-del-sur\/"},"modified":"2025-11-20T12:28:07","modified_gmt":"2025-11-20T12:28:07","slug":"america-del-sur","status":"publish","type":"page","link":"https:\/\/www.goldrate24.com\/es\/precios-del-oro\/america-del-sur\/","title":{"rendered":"Precio del Oro hoy en Am\u00e9rica del sur"},"content":{"rendered":"<p>Gold price today in South America: below is a table showing all countries of South America. Scroll down to your country then click, to display gold price details in this country. Alternatively, for easy access, you can type to search for country name, currency name, or currency code in the\u00a0 corresponding column.<\/p>\n    <div id=\"wmscc_gold_main\">\n        <!-- rectangle:--><!-- rectangle-->\r\n<div class=\"ads\">\r\n<script async src=\"\/\/pagead2.googlesyndication.com\/pagead\/js\/adsbygoogle.js\"><\/script>\r\n<!-- gr24-res -->\r\n<ins class=\"adsbygoogle\"\r\n     style=\"display:block\"\r\n     data-ad-client=\"ca-pub-0171684530079824\"\r\n     data-ad-slot=\"3571058915\"\r\n     data-ad-format=\"rectangle\"><\/ins>\r\n<script>\r\n(adsbygoogle = window.adsbygoogle || []).push({});\r\n<\/script>\r\n<\/div>        <table id=\"table_exp\" class=\"sortable table table-sm table-striped table-hover\">\n            <thead>\n                <tr>\n                    <td class=\"continent\">\n                        <h1 class=\"h2\"> Precio del oro hoy en Sudam\u00e9rica<img loading=\"lazy\" decoding=\"async\" src=\"https:\/\/www.goldrate24.com\/wp-content\/plugins\/goldrate24\/country-flags\/south-america.gif\" width=\"40\" height=\"33\" align=\"absmiddle\" \/><\/h1>\n                    <\/td>\n                <\/tr>\n            <\/thead>\n\n                            <tr>\n                    <th>\n                                                <a href=\"https:\/\/www.goldrate24.com\/es\/precios-del-oro\/america-del-sur\/argentina\/\" title=\"Precio del oro en Argentina\"><img loading=\"lazy\" decoding=\"async\" src=\"https:\/\/www.goldrate24.com\/wp-content\/plugins\/goldrate24\/country-flags\/argentina.svg\" height=\"24\" width=\"24\" align=\"absmiddle\" \/> \n                        Precio del Oro hoy en Argentina en peso argentino (ARS)                    <\/a>\n                    <\/th>\n                <\/tr>\n                            <tr>\n                    <th>\n                                                <a href=\"https:\/\/www.goldrate24.com\/es\/precios-del-oro\/america-del-sur\/uruguay\/\" title=\"Precio del Oro hoy en Uruguay\"><img loading=\"lazy\" decoding=\"async\" src=\"https:\/\/www.goldrate24.com\/wp-content\/plugins\/goldrate24\/country-flags\/uruguay.svg\" height=\"24\" width=\"24\" align=\"absmiddle\" \/> \n                        Precio del Oro hoy en Uruguay en peso uruguayo (UYU)                    <\/a>\n                    <\/th>\n                <\/tr>\n                            <tr>\n                    <th>\n                                                <a href=\"https:\/\/www.goldrate24.com\/es\/precios-del-oro\/america-del-sur\/suriname\/\" title=\"Precio del oro en Suriname\"><img loading=\"lazy\" decoding=\"async\" src=\"https:\/\/www.goldrate24.com\/wp-content\/plugins\/goldrate24\/country-flags\/suriname.svg\" height=\"24\" width=\"24\" align=\"absmiddle\" \/> \n                        Precio del Oro hoy en Surinam en d\u00f3lar surinam\u00e9s (SRD)                    <\/a>\n                    <\/th>\n                <\/tr>\n                            <tr>\n                    <th>\n                                                <a href=\"https:\/\/www.goldrate24.com\/es\/precios-del-oro\/america-del-sur\/peru\/\" title=\"Precio del oro en Per\u00fa\"><img loading=\"lazy\" decoding=\"async\" src=\"https:\/\/www.goldrate24.com\/wp-content\/plugins\/goldrate24\/country-flags\/peru.svg\" height=\"24\" width=\"24\" align=\"absmiddle\" \/> \n                        Precio del Oro hoy en Per\u00fa en soles peruanos (PEN)                    <\/a>\n                    <\/th>\n                <\/tr>\n                            <tr>\n                    <th>\n                                                <a href=\"https:\/\/www.goldrate24.com\/es\/precios-del-oro\/america-del-sur\/paraguay\/\" title=\"Precio del oro en Paraguay en Guaran\u00ed paraguayo\"><img loading=\"lazy\" decoding=\"async\" src=\"https:\/\/www.goldrate24.com\/wp-content\/plugins\/goldrate24\/country-flags\/paraguay.svg\" height=\"24\" width=\"24\" align=\"absmiddle\" \/> \n                        Precio del Oro hoy en Paraguay en guaran\u00ed paraguayo (PYG)                    <\/a>\n                    <\/th>\n                <\/tr>\n                            <tr>\n                    <th>\n                                                <a href=\"https:\/\/www.goldrate24.com\/es\/precios-del-oro\/america-del-sur\/guayana\/\" title=\"Precio del oro en Guayana en d\u00f3lares de Guyana\"><img loading=\"lazy\" decoding=\"async\" src=\"https:\/\/www.goldrate24.com\/wp-content\/plugins\/goldrate24\/country-flags\/guyana.svg\" height=\"24\" width=\"24\" align=\"absmiddle\" \/> \n                        Precio del Oro hoy en Guyana en d\u00f3lar guyan\u00e9s (GYD)                    <\/a>\n                    <\/th>\n                <\/tr>\n                            <tr>\n                    <th>\n                                                <a href=\"https:\/\/www.goldrate24.com\/es\/precios-del-oro\/america-del-sur\/islas-malvinas\/\" title=\"Precio del oro en Islas Malvinas\"><img loading=\"lazy\" decoding=\"async\" src=\"https:\/\/www.goldrate24.com\/wp-content\/plugins\/goldrate24\/country-flags\/falkland_islands.svg\" height=\"24\" width=\"24\" align=\"absmiddle\" \/> \n                        Precio del Oro hoy en Islas Malvinas en Libra malvinense (FKP)                    <\/a>\n                    <\/th>\n                <\/tr>\n                            <tr>\n                    <th>\n                                                <a href=\"https:\/\/www.goldrate24.com\/es\/precios-del-oro\/america-del-sur\/colombia\/\" title=\"Precio del Oro hoy en Colombia\"><img loading=\"lazy\" decoding=\"async\" src=\"https:\/\/www.goldrate24.com\/wp-content\/plugins\/goldrate24\/country-flags\/colombia.svg\" height=\"24\" width=\"24\" align=\"absmiddle\" \/> \n                        Precio del Oro hoy en Colombia en peso colombiano (COP)                    <\/a>\n                    <\/th>\n                <\/tr>\n                            <tr>\n                    <th>\n                                                <a href=\"https:\/\/www.goldrate24.com\/es\/precios-del-oro\/america-del-sur\/chile\/\" title=\"Precio del oro en Chile\"><img loading=\"lazy\" decoding=\"async\" src=\"https:\/\/www.goldrate24.com\/wp-content\/plugins\/goldrate24\/country-flags\/chile.svg\" height=\"24\" width=\"24\" align=\"absmiddle\" \/> \n                        Precio del Oro hoy en Chile en peso chileno (CLP)                    <\/a>\n                    <\/th>\n                <\/tr>\n                            <tr>\n                    <th>\n                                                <a href=\"https:\/\/www.goldrate24.com\/es\/precios-del-oro\/america-del-sur\/brazil\/\" title=\"Precio del oro en Brazil en reales brasile\u00f1os\"><img loading=\"lazy\" decoding=\"async\" src=\"https:\/\/www.goldrate24.com\/wp-content\/plugins\/goldrate24\/country-flags\/brazil.svg\" height=\"24\" width=\"24\" align=\"absmiddle\" \/> \n                        Precio del Oro hoy en Brasil en reales brasileros (BRL)                    <\/a>\n                    <\/th>\n                <\/tr>\n                            <tr>\n                    <th>\n                                                <a href=\"https:\/\/www.goldrate24.com\/es\/precios-del-oro\/america-del-sur\/bolivia\/\" title=\"Precio del oro en Bolivia\"><img loading=\"lazy\" decoding=\"async\" src=\"https:\/\/www.goldrate24.com\/wp-content\/plugins\/goldrate24\/country-flags\/bolivia.svg\" height=\"24\" width=\"24\" align=\"absmiddle\" \/> \n                        Precio del Oro hoy en Bolivia en boliviano boliviano (BOB)                    <\/a>\n                    <\/th>\n                <\/tr>\n                            <tr>\n                    <th>\n                                                <a href=\"https:\/\/www.goldrate24.com\/es\/precios-del-oro\/america-del-sur\/venezuela\/\" title=\"Precio del Oro hoy en Venezuela\"><img loading=\"lazy\" decoding=\"async\" src=\"https:\/\/www.goldrate24.com\/wp-content\/plugins\/goldrate24\/country-flags\/venezuela.svg\" height=\"24\" width=\"24\" align=\"absmiddle\" \/> \n                        Precio del Oro hoy en Venezuela en Bol\u00edvar Soberano de Venezuela (VES)                    <\/a>\n                    <\/th>\n                <\/tr>\n            \n        <\/table>\n        <!-- rectangle:--><!-- rectangle-->\r\n<div class=\"ads\">\r\n<script async src=\"\/\/pagead2.googlesyndication.com\/pagead\/js\/adsbygoogle.js\"><\/script>\r\n<!-- gr24-res -->\r\n<ins class=\"adsbygoogle\"\r\n     style=\"display:block\"\r\n     data-ad-client=\"ca-pub-0171684530079824\"\r\n     data-ad-slot=\"3571058915\"\r\n     data-ad-format=\"rectangle\"><\/ins>\r\n<script>\r\n(adsbygoogle = window.adsbygoogle || []).push({});\r\n<\/script>\r\n<\/div>    <\/div>\n\n","protected":false},"excerpt":{"rendered":"<p>Precio del Oro hoy en Am\u00e9rica del sur  por onza y gramo de diferentes quilates. Adem\u00e1s de las tarifas y los gr\u00e1ficos hist\u00f3ricos de oro y plata.<\/p>\n","protected":false},"author":1,"featured_media":0,"parent":2310,"menu_order":0,"comment_status":"open","ping_status":"open","template":"","meta":{"footnotes":""},"tags":[],"class_list":["post-2459","page","type-page","status-publish","hentry"],"_links":{"self":[{"href":"https:\/\/www.goldrate24.com\/es\/wp-json\/wp\/v2\/pages\/2459","targetHints":{"allow":["GET"]}}],"collection":[{"href":"https:\/\/www.goldrate24.com\/es\/wp-json\/wp\/v2\/pages"}],"about":[{"href":"https:\/\/www.goldrate24.com\/es\/wp-json\/wp\/v2\/types\/page"}],"author":[{"embeddable":true,"href":"https:\/\/www.goldrate24.com\/es\/wp-json\/wp\/v2\/users\/1"}],"replies":[{"embeddable":true,"href":"https:\/\/www.goldrate24.com\/es\/wp-json\/wp\/v2\/comments?post=2459"}],"version-history":[{"count":1,"href":"https:\/\/www.goldrate24.com\/es\/wp-json\/wp\/v2\/pages\/2459\/revisions"}],"predecessor-version":[{"id":11537,"href":"https:\/\/www.goldrate24.com\/es\/wp-json\/wp\/v2\/pages\/2459\/revisions\/11537"}],"up":[{"embeddable":true,"href":"https:\/\/www.goldrate24.com\/es\/wp-json\/wp\/v2\/pages\/2310"}],"wp:attachment":[{"href":"https:\/\/www.goldrate24.com\/es\/wp-json\/wp\/v2\/media?parent=2459"}],"wp:term":[{"taxonomy":"post_tag","embeddable":true,"href":"https:\/\/www.goldrate24.com\/es\/wp-json\/wp\/v2\/tags?post=2459"}],"curies":[{"name":"wp","href":"https:\/\/api.w.org\/{rel}","templated":true}]}}