{"id":2453,"date":"2013-01-17T12:38:00","date_gmt":"2013-01-17T12:38:00","guid":{"rendered":"http:\/\/www.goldrate24.com\/oceania\/"},"modified":"2025-11-20T12:27:13","modified_gmt":"2025-11-20T12:27:13","slug":"oceania","status":"publish","type":"page","link":"https:\/\/www.goldrate24.com\/es\/precios-del-oro\/oceania\/","title":{"rendered":"Precio del oro en Ocean\u00eda"},"content":{"rendered":"<p>Gold price today in Oceania countries: below is a table showing all countries of cceania. Scroll down to your country then click, to display gold price details in this country. Alternatively, for easy access, you can type to search for country name, currency name, or currency code in the\u00a0 corresponding column.<\/p>\n    <div id=\"wmscc_gold_main\">\n        <!-- rectangle:--><!-- rectangle-->\r\n<div class=\"ads\">\r\n<script async src=\"\/\/pagead2.googlesyndication.com\/pagead\/js\/adsbygoogle.js\"><\/script>\r\n<!-- gr24-res -->\r\n<ins class=\"adsbygoogle\"\r\n     style=\"display:block\"\r\n     data-ad-client=\"ca-pub-0171684530079824\"\r\n     data-ad-slot=\"3571058915\"\r\n     data-ad-format=\"rectangle\"><\/ins>\r\n<script>\r\n(adsbygoogle = window.adsbygoogle || []).push({});\r\n<\/script>\r\n<\/div>        <table id=\"table_exp\" class=\"sortable table table-sm table-striped table-hover\">\n            <thead>\n                <tr>\n                    <td class=\"continent\">\n                        <h1 class=\"h2\"> Precio del oro hoy en Ocean\u00eda<img loading=\"lazy\" decoding=\"async\" src=\"https:\/\/www.goldrate24.com\/wp-content\/plugins\/goldrate24\/country-flags\/oceania.gif\" width=\"40\" height=\"33\" align=\"absmiddle\" \/><\/h1>\n                    <\/td>\n                <\/tr>\n            <\/thead>\n\n                            <tr>\n                    <th>\n                                                <a href=\"https:\/\/www.goldrate24.com\/es\/precios-del-oro\/oceania\/australia\/\" title=\"Precio del Oro hoy en Australia\"><img loading=\"lazy\" decoding=\"async\" src=\"https:\/\/www.goldrate24.com\/wp-content\/plugins\/goldrate24\/country-flags\/australia.svg\" height=\"24\" width=\"24\" align=\"absmiddle\" \/> \n                        Precio del Oro hoy en Australia en d\u00f3lar australiano (AUD)                    <\/a>\n                    <\/th>\n                <\/tr>\n                            <tr>\n                    <th>\n                                                <a href=\"https:\/\/www.goldrate24.com\/es\/precios-del-oro\/oceania\/nueva-zelanda\/\" title=\"Precio del oro en Nueva Zelanda en el D\u00f3lar de Nueva Zelanda\"><img loading=\"lazy\" decoding=\"async\" src=\"https:\/\/www.goldrate24.com\/wp-content\/plugins\/goldrate24\/country-flags\/new_zealand.svg\" height=\"24\" width=\"24\" align=\"absmiddle\" \/> \n                        Precio del Oro hoy en Nueva Zelanda en d\u00f3lares neozelandeses (NZD)                    <\/a>\n                    <\/th>\n                <\/tr>\n                            <tr>\n                    <th>\n                                                <a href=\"https:\/\/www.goldrate24.com\/es\/precios-del-oro\/oceania\/papua-nueva-guinea\/\" title=\"Precio del oro en Papua Nueva Guinea en Papua Nueva Guinea Kina\"><img loading=\"lazy\" decoding=\"async\" src=\"https:\/\/www.goldrate24.com\/wp-content\/plugins\/goldrate24\/country-flags\/papua_new_guinea.svg\" height=\"24\" width=\"24\" align=\"absmiddle\" \/> \n                        Precio del Oro hoy en Papua Nueva Guinea en Pap\u00faa Nueva Guinea Kina (PGK)                    <\/a>\n                    <\/th>\n                <\/tr>\n                            <tr>\n                    <th>\n                                                <a href=\"https:\/\/www.goldrate24.com\/es\/precios-del-oro\/oceania\/samoa\/\" title=\"Precio del oro en Samoa\"><img loading=\"lazy\" decoding=\"async\" src=\"https:\/\/www.goldrate24.com\/wp-content\/plugins\/goldrate24\/country-flags\/samoa.svg\" height=\"24\" width=\"24\" align=\"absmiddle\" \/> \n                        Precio del Oro hoy en Samoa en samoano tala (WST)                    <\/a>\n                    <\/th>\n                <\/tr>\n                            <tr>\n                    <th>\n                                                <a href=\"https:\/\/www.goldrate24.com\/es\/precios-del-oro\/oceania\/islas-tonga\/\" title=\"Precio del oro en Islas Tonga en Tonga paanga\"><img loading=\"lazy\" decoding=\"async\" src=\"https:\/\/www.goldrate24.com\/wp-content\/plugins\/goldrate24\/country-flags\/tonga_islands.svg\" height=\"24\" width=\"24\" align=\"absmiddle\" \/> \n                        Precio del Oro hoy en islas tonga en tongano paanga (TOP)                    <\/a>\n                    <\/th>\n                <\/tr>\n            \n        <\/table>\n        <!-- rectangle:--><!-- rectangle-->\r\n<div class=\"ads\">\r\n<script async src=\"\/\/pagead2.googlesyndication.com\/pagead\/js\/adsbygoogle.js\"><\/script>\r\n<!-- gr24-res -->\r\n<ins class=\"adsbygoogle\"\r\n     style=\"display:block\"\r\n     data-ad-client=\"ca-pub-0171684530079824\"\r\n     data-ad-slot=\"3571058915\"\r\n     data-ad-format=\"rectangle\"><\/ins>\r\n<script>\r\n(adsbygoogle = window.adsbygoogle || []).push({});\r\n<\/script>\r\n<\/div>    <\/div>\n\n","protected":false},"excerpt":{"rendered":"<p>Precio del oro y de la plata hoy en Ocean\u00eda . Muestra los precios por onza y gramo adem\u00e1s de las cartas hist\u00f3ricas de oro y plata.<\/p>\n","protected":false},"author":1,"featured_media":0,"parent":2310,"menu_order":0,"comment_status":"open","ping_status":"open","template":"","meta":{"footnotes":""},"tags":[],"class_list":["post-2453","page","type-page","status-publish","hentry"],"_links":{"self":[{"href":"https:\/\/www.goldrate24.com\/es\/wp-json\/wp\/v2\/pages\/2453","targetHints":{"allow":["GET"]}}],"collection":[{"href":"https:\/\/www.goldrate24.com\/es\/wp-json\/wp\/v2\/pages"}],"about":[{"href":"https:\/\/www.goldrate24.com\/es\/wp-json\/wp\/v2\/types\/page"}],"author":[{"embeddable":true,"href":"https:\/\/www.goldrate24.com\/es\/wp-json\/wp\/v2\/users\/1"}],"replies":[{"embeddable":true,"href":"https:\/\/www.goldrate24.com\/es\/wp-json\/wp\/v2\/comments?post=2453"}],"version-history":[{"count":1,"href":"https:\/\/www.goldrate24.com\/es\/wp-json\/wp\/v2\/pages\/2453\/revisions"}],"predecessor-version":[{"id":11533,"href":"https:\/\/www.goldrate24.com\/es\/wp-json\/wp\/v2\/pages\/2453\/revisions\/11533"}],"up":[{"embeddable":true,"href":"https:\/\/www.goldrate24.com\/es\/wp-json\/wp\/v2\/pages\/2310"}],"wp:attachment":[{"href":"https:\/\/www.goldrate24.com\/es\/wp-json\/wp\/v2\/media?parent=2453"}],"wp:term":[{"taxonomy":"post_tag","embeddable":true,"href":"https:\/\/www.goldrate24.com\/es\/wp-json\/wp\/v2\/tags?post=2453"}],"curies":[{"name":"wp","href":"https:\/\/api.w.org\/{rel}","templated":true}]}}