{"id":2431,"date":"2013-01-17T12:37:59","date_gmt":"2013-01-17T12:37:59","guid":{"rendered":"http:\/\/www.goldrate24.com\/america-del-norte\/"},"modified":"2025-11-20T12:47:30","modified_gmt":"2025-11-20T12:47:30","slug":"america-del-norte","status":"publish","type":"page","link":"https:\/\/www.goldrate24.com\/es\/precios-del-oro\/america-del-norte\/","title":{"rendered":"Precio del oro en Am\u00e9rica del Norte"},"content":{"rendered":"<p>Gold price today in North America: below is a table showing all countries of North America. Scroll down to your country then click, to display gold price details in this country. Alternatively, for easy access, you can type to search for country name, currency name, or currency code in the\u00a0 corresponding column.<\/p>\n    <div id=\"wmscc_gold_main\">\n        <!-- rectangle:--><!-- rectangle-->\r\n<div class=\"ads\">\r\n<script async src=\"\/\/pagead2.googlesyndication.com\/pagead\/js\/adsbygoogle.js\"><\/script>\r\n<!-- gr24-res -->\r\n<ins class=\"adsbygoogle\"\r\n     style=\"display:block\"\r\n     data-ad-client=\"ca-pub-0171684530079824\"\r\n     data-ad-slot=\"3571058915\"\r\n     data-ad-format=\"rectangle\"><\/ins>\r\n<script>\r\n(adsbygoogle = window.adsbygoogle || []).push({});\r\n<\/script>\r\n<\/div>        <table id=\"table_exp\" class=\"sortable table table-sm table-striped table-hover\">\n            <thead>\n                <tr>\n                    <td class=\"continent\">\n                        <h1 class=\"h2\"> Precio del oro hoy en Norteam\u00e9rica<img loading=\"lazy\" decoding=\"async\" src=\"https:\/\/www.goldrate24.com\/wp-content\/plugins\/goldrate24\/country-flags\/north-america.gif\" width=\"40\" height=\"33\" align=\"absmiddle\" \/><\/h1>\n                    <\/td>\n                <\/tr>\n            <\/thead>\n\n                            <tr>\n                    <th>\n                                                <a href=\"https:\/\/www.goldrate24.com\/es\/precios-del-oro\/america-del-norte\/aruba\/\" title=\"Precio del Oro hoy en Aruba\"><img loading=\"lazy\" decoding=\"async\" src=\"https:\/\/www.goldrate24.com\/wp-content\/plugins\/goldrate24\/country-flags\/aruba.svg\" height=\"24\" width=\"24\" align=\"absmiddle\" \/> \n                        Precio del Oro hoy en Aruba en Flor\u00edn arube\u00f1o (AWG)                    <\/a>\n                    <\/th>\n                <\/tr>\n                            <tr>\n                    <th>\n                                                <a href=\"https:\/\/www.goldrate24.com\/es\/precios-del-oro\/america-del-norte\/honduras\/\" title=\"Precio del oro en Honduras\"><img loading=\"lazy\" decoding=\"async\" src=\"https:\/\/www.goldrate24.com\/wp-content\/plugins\/goldrate24\/country-flags\/honduras.svg\" height=\"24\" width=\"24\" align=\"absmiddle\" \/> \n                        Precio del Oro hoy en Honduras en lempira hondure\u00f1o (HNL)                    <\/a>\n                    <\/th>\n                <\/tr>\n                            <tr>\n                    <th>\n                                                <a href=\"https:\/\/www.goldrate24.com\/es\/precios-del-oro\/america-del-norte\/jamaica\/\" title=\"Precio del oro en Jamaica en D\u00f3lar Jamaiquino\"><img loading=\"lazy\" decoding=\"async\" src=\"https:\/\/www.goldrate24.com\/wp-content\/plugins\/goldrate24\/country-flags\/jamaica.svg\" height=\"24\" width=\"24\" align=\"absmiddle\" \/> \n                        Precio del Oro hoy en Jamaica en d\u00f3lar jamaiquino (JMD)                    <\/a>\n                    <\/th>\n                <\/tr>\n                            <tr>\n                    <th>\n                                                <a href=\"https:\/\/www.goldrate24.com\/es\/precios-del-oro\/america-del-norte\/mexico\/\" title=\"Precio del oro en M\u00e9xico\"><img loading=\"lazy\" decoding=\"async\" src=\"https:\/\/www.goldrate24.com\/wp-content\/plugins\/goldrate24\/country-flags\/mexico.svg\" height=\"24\" width=\"24\" align=\"absmiddle\" \/> \n                        Precio del Oro hoy en M\u00e9xico en pesos mexicanos (MXN)                    <\/a>\n                    <\/th>\n                <\/tr>\n                            <tr>\n                    <th>\n                                                <a href=\"https:\/\/www.goldrate24.com\/es\/precios-del-oro\/america-del-norte\/antillas-holandesas\/\" title=\"Precio del Oro hoy en Antillas Holandesas\"><img loading=\"lazy\" decoding=\"async\" src=\"https:\/\/www.goldrate24.com\/wp-content\/plugins\/goldrate24\/country-flags\/netherlands_antilles.svg\" height=\"24\" width=\"24\" align=\"absmiddle\" \/> \n                        Precio del Oro hoy en Antillas Holandesas en flor\u00edn antillano neerland\u00e9s (ANG)                    <\/a>\n                    <\/th>\n                <\/tr>\n                            <tr>\n                    <th>\n                                                <a href=\"https:\/\/www.goldrate24.com\/es\/precios-del-oro\/america-del-norte\/nicaragua\/\" title=\"Precio del oro en Nicaragua\"><img loading=\"lazy\" decoding=\"async\" src=\"https:\/\/www.goldrate24.com\/wp-content\/plugins\/goldrate24\/country-flags\/nicaragua.svg\" height=\"24\" width=\"24\" align=\"absmiddle\" \/> \n                        Precio del Oro hoy en Nicaragua en c\u00f3rdoba nicarag\u00fcense (NIO)                    <\/a>\n                    <\/th>\n                <\/tr>\n                            <tr>\n                    <th>\n                                                <a href=\"https:\/\/www.goldrate24.com\/es\/precios-del-oro\/america-del-norte\/panama\/\" title=\"Precio del oro en Panam\u00e1\"><img loading=\"lazy\" decoding=\"async\" src=\"https:\/\/www.goldrate24.com\/wp-content\/plugins\/goldrate24\/country-flags\/panama.svg\" height=\"24\" width=\"24\" align=\"absmiddle\" \/> \n                        Precio del Oro hoy en Panam\u00e1 en balboa paname\u00f1o (PAB)                    <\/a>\n                    <\/th>\n                <\/tr>\n                            <tr>\n                    <th>\n                                                <a href=\"https:\/\/www.goldrate24.com\/es\/precios-del-oro\/america-del-norte\/saint-kitts\/\" title=\"Precio del Oro hoy en Saint Kitts\"><img loading=\"lazy\" decoding=\"async\" src=\"https:\/\/www.goldrate24.com\/wp-content\/plugins\/goldrate24\/country-flags\/saint_kitts.svg\" height=\"24\" width=\"24\" align=\"absmiddle\" \/> \n                        Precio del Oro hoy en San Crist\u00f3bal en D\u00f3lar del Caribe Oriental (XCD)                    <\/a>\n                    <\/th>\n                <\/tr>\n                            <tr>\n                    <th>\n                                                <a href=\"https:\/\/www.goldrate24.com\/es\/precios-del-oro\/america-del-norte\/trinidad-y-tobago\/\" title=\"Precio del Oro hoy en Trinidad y Tobago\"><img loading=\"lazy\" decoding=\"async\" src=\"https:\/\/www.goldrate24.com\/wp-content\/plugins\/goldrate24\/country-flags\/trinidad_and_tobago.svg\" height=\"24\" width=\"24\" align=\"absmiddle\" \/> \n                        Precio del Oro hoy en Trinidad y Tobago en d\u00f3lares de Trinidad y Tobago (TTD)                    <\/a>\n                    <\/th>\n                <\/tr>\n                            <tr>\n                    <th>\n                                                <a href=\"https:\/\/www.goldrate24.com\/es\/precios-del-oro\/america-del-norte\/haiti\/\" title=\"Precio del oro en Hait\u00ed en Gourde haitiano\"><img loading=\"lazy\" decoding=\"async\" src=\"https:\/\/www.goldrate24.com\/wp-content\/plugins\/goldrate24\/country-flags\/haiti.svg\" height=\"24\" width=\"24\" align=\"absmiddle\" \/> \n                        Precio del Oro hoy en Hait\u00ed en gourde haitiano (HTG)                    <\/a>\n                    <\/th>\n                <\/tr>\n                            <tr>\n                    <th>\n                                                <a href=\"https:\/\/www.goldrate24.com\/es\/precios-del-oro\/america-del-norte\/guatemala\/\" title=\"Precio del Oro hoy en Guatemala\"><img loading=\"lazy\" decoding=\"async\" src=\"https:\/\/www.goldrate24.com\/wp-content\/plugins\/goldrate24\/country-flags\/guatemala.svg\" height=\"24\" width=\"24\" align=\"absmiddle\" \/> \n                        Precio del Oro hoy en Guatemala en quetzal guatemalteco (GTQ)                    <\/a>\n                    <\/th>\n                <\/tr>\n                            <tr>\n                    <th>\n                                                <a href=\"https:\/\/www.goldrate24.com\/es\/precios-del-oro\/america-del-norte\/el-salvador\/\" title=\"Precio del oro en El Salvador\"><img loading=\"lazy\" decoding=\"async\" src=\"https:\/\/www.goldrate24.com\/wp-content\/plugins\/goldrate24\/country-flags\/el_salvador.svg\" height=\"24\" width=\"24\" align=\"absmiddle\" \/> \n                        Precio del Oro hoy en El Salvador en col\u00f3n salvadore\u00f1o (SVC)                    <\/a>\n                    <\/th>\n                <\/tr>\n                            <tr>\n                    <th>\n                                                <a href=\"https:\/\/www.goldrate24.com\/es\/precios-del-oro\/america-del-norte\/bahamas\/\" title=\"Precio del Oro hoy en Bahamas\"><img loading=\"lazy\" decoding=\"async\" src=\"https:\/\/www.goldrate24.com\/wp-content\/plugins\/goldrate24\/country-flags\/bahamas.svg\" height=\"24\" width=\"24\" align=\"absmiddle\" \/> \n                        Precio del Oro hoy en Bahamas en d\u00f3lar bahame\u00f1o (BSD)                    <\/a>\n                    <\/th>\n                <\/tr>\n                            <tr>\n                    <th>\n                                                <a href=\"https:\/\/www.goldrate24.com\/es\/precios-del-oro\/america-del-norte\/barbados\/\" title=\"Precio del oro en Barbados en Barbados d\u00f3lar\"><img loading=\"lazy\" decoding=\"async\" src=\"https:\/\/www.goldrate24.com\/wp-content\/plugins\/goldrate24\/country-flags\/barbados.svg\" height=\"24\" width=\"24\" align=\"absmiddle\" \/> \n                        Precio del Oro hoy en Barbados en d\u00f3lar barbadense (BBD)                    <\/a>\n                    <\/th>\n                <\/tr>\n                            <tr>\n                    <th>\n                                                <a href=\"https:\/\/www.goldrate24.com\/es\/precios-del-oro\/america-del-norte\/belice\/\" title=\"Precio del oro en Belice\"><img loading=\"lazy\" decoding=\"async\" src=\"https:\/\/www.goldrate24.com\/wp-content\/plugins\/goldrate24\/country-flags\/belize.svg\" height=\"24\" width=\"24\" align=\"absmiddle\" \/> \n                        Precio del Oro hoy en Belice en d\u00f3lares de Belice (BZD)                    <\/a>\n                    <\/th>\n                <\/tr>\n                            <tr>\n                    <th>\n                                                <a href=\"https:\/\/www.goldrate24.com\/es\/precios-del-oro\/america-del-norte\/bermudas\/\" title=\"Precio del Oro hoy en Bermudas\"><img loading=\"lazy\" decoding=\"async\" src=\"https:\/\/www.goldrate24.com\/wp-content\/plugins\/goldrate24\/country-flags\/bermuda.svg\" height=\"24\" width=\"24\" align=\"absmiddle\" \/> \n                        Precio del Oro hoy en Bermuda en d\u00f3lar bermude\u00f1o (BMD)                    <\/a>\n                    <\/th>\n                <\/tr>\n                            <tr>\n                    <th>\n                                                <a href=\"https:\/\/www.goldrate24.com\/es\/precios-del-oro\/america-del-norte\/canada\/\" title=\"Precio del Oro hoy en Canada\"><img loading=\"lazy\" decoding=\"async\" src=\"https:\/\/www.goldrate24.com\/wp-content\/plugins\/goldrate24\/country-flags\/canada.svg\" height=\"24\" width=\"24\" align=\"absmiddle\" \/> \n                        Precio del Oro hoy en Canad\u00e1 en d\u00f3lar canadiense (CAD)                    <\/a>\n                    <\/th>\n                <\/tr>\n                            <tr>\n                    <th>\n                                                <a href=\"https:\/\/www.goldrate24.com\/es\/precios-del-oro\/america-del-norte\/costa-rica\/\" title=\"Precio del oro en Costa Rica en Costa Rica Col\u00f3n\"><img loading=\"lazy\" decoding=\"async\" src=\"https:\/\/www.goldrate24.com\/wp-content\/plugins\/goldrate24\/country-flags\/costa_rica.svg\" height=\"24\" width=\"24\" align=\"absmiddle\" \/> \n                        Precio del Oro hoy en Costa Rica en col\u00f3n costarricense (CRC)                    <\/a>\n                    <\/th>\n                <\/tr>\n                            <tr>\n                    <th>\n                                                <a href=\"https:\/\/www.goldrate24.com\/es\/precios-del-oro\/america-del-norte\/cuba\/\" title=\"Precio del oro en Cuba\"><img loading=\"lazy\" decoding=\"async\" src=\"https:\/\/www.goldrate24.com\/wp-content\/plugins\/goldrate24\/country-flags\/cuba.svg\" height=\"24\" width=\"24\" align=\"absmiddle\" \/> \n                        Precio del Oro hoy en Cuba en peso cubano (CUP)                    <\/a>\n                    <\/th>\n                <\/tr>\n                            <tr>\n                    <th>\n                                                <a href=\"https:\/\/www.goldrate24.com\/es\/precios-del-oro\/america-del-norte\/republica-dominicana\/\" title=\"Precio del Oro hoy en Rep\u00fablica Dominicana\"><img loading=\"lazy\" decoding=\"async\" src=\"https:\/\/www.goldrate24.com\/wp-content\/plugins\/goldrate24\/country-flags\/dominican_republic.svg\" height=\"24\" width=\"24\" align=\"absmiddle\" \/> \n                        Precio del Oro hoy en Rep\u00fablica Dominicana en peso dominicano (DOP)                    <\/a>\n                    <\/th>\n                <\/tr>\n                            <tr>\n                    <th>\n                                                <a href=\"https:\/\/www.goldrate24.com\/es\/precios-del-oro\/america-del-norte\/estados-unidos\/\" title=\"Precio del oro en Estados Unidos en el d\u00f3lar de EE.UU.\"><img loading=\"lazy\" decoding=\"async\" src=\"https:\/\/www.goldrate24.com\/wp-content\/plugins\/goldrate24\/country-flags\/united_states.svg\" height=\"24\" width=\"24\" align=\"absmiddle\" \/> \n                        Precio del Oro hoy en Estados Unidos en d\u00f3lares estadounidenses (USD)                    <\/a>\n                    <\/th>\n                <\/tr>\n            \n        <\/table>\n        <!-- rectangle:--><!-- rectangle-->\r\n<div class=\"ads\">\r\n<script async src=\"\/\/pagead2.googlesyndication.com\/pagead\/js\/adsbygoogle.js\"><\/script>\r\n<!-- gr24-res -->\r\n<ins class=\"adsbygoogle\"\r\n     style=\"display:block\"\r\n     data-ad-client=\"ca-pub-0171684530079824\"\r\n     data-ad-slot=\"3571058915\"\r\n     data-ad-format=\"rectangle\"><\/ins>\r\n<script>\r\n(adsbygoogle = window.adsbygoogle || []).push({});\r\n<\/script>\r\n<\/div>    <\/div>\n\n","protected":false},"excerpt":{"rendered":"<p>Precio del oro y de la plata hoy en Am\u00e9rica del Norte . Muestra los precios por onza y gramo adem\u00e1s de las cartas hist\u00f3ricas de oro y plata.<\/p>\n","protected":false},"author":1,"featured_media":0,"parent":2310,"menu_order":0,"comment_status":"open","ping_status":"open","template":"","meta":{"footnotes":""},"tags":[],"class_list":["post-2431","page","type-page","status-publish","hentry"],"_links":{"self":[{"href":"https:\/\/www.goldrate24.com\/es\/wp-json\/wp\/v2\/pages\/2431","targetHints":{"allow":["GET"]}}],"collection":[{"href":"https:\/\/www.goldrate24.com\/es\/wp-json\/wp\/v2\/pages"}],"about":[{"href":"https:\/\/www.goldrate24.com\/es\/wp-json\/wp\/v2\/types\/page"}],"author":[{"embeddable":true,"href":"https:\/\/www.goldrate24.com\/es\/wp-json\/wp\/v2\/users\/1"}],"replies":[{"embeddable":true,"href":"https:\/\/www.goldrate24.com\/es\/wp-json\/wp\/v2\/comments?post=2431"}],"version-history":[{"count":1,"href":"https:\/\/www.goldrate24.com\/es\/wp-json\/wp\/v2\/pages\/2431\/revisions"}],"predecessor-version":[{"id":11549,"href":"https:\/\/www.goldrate24.com\/es\/wp-json\/wp\/v2\/pages\/2431\/revisions\/11549"}],"up":[{"embeddable":true,"href":"https:\/\/www.goldrate24.com\/es\/wp-json\/wp\/v2\/pages\/2310"}],"wp:attachment":[{"href":"https:\/\/www.goldrate24.com\/es\/wp-json\/wp\/v2\/media?parent=2431"}],"wp:term":[{"taxonomy":"post_tag","embeddable":true,"href":"https:\/\/www.goldrate24.com\/es\/wp-json\/wp\/v2\/tags?post=2431"}],"curies":[{"name":"wp","href":"https:\/\/api.w.org\/{rel}","templated":true}]}}