{"id":2385,"date":"2013-01-17T12:37:58","date_gmt":"2013-01-17T12:37:58","guid":{"rendered":"http:\/\/www.goldrate24.com\/europa\/"},"modified":"2025-11-20T12:29:59","modified_gmt":"2025-11-20T12:29:59","slug":"europa","status":"publish","type":"page","link":"https:\/\/www.goldrate24.com\/es\/precios-del-oro\/europa\/","title":{"rendered":"Precio del oro en Europa"},"content":{"rendered":"<p>Gold price today in Europe: below is a table showing all countries of Europe. Scroll down to your country then click, to display gold price details in this country. Alternatively, for easy access, you can type to search for country name, currency name, or currency code in the\u00a0 corresponding column.<\/p>\n    <div id=\"wmscc_gold_main\">\n        <!-- rectangle:--><!-- rectangle-->\r\n<div class=\"ads\">\r\n<script async src=\"\/\/pagead2.googlesyndication.com\/pagead\/js\/adsbygoogle.js\"><\/script>\r\n<!-- gr24-res -->\r\n<ins class=\"adsbygoogle\"\r\n     style=\"display:block\"\r\n     data-ad-client=\"ca-pub-0171684530079824\"\r\n     data-ad-slot=\"3571058915\"\r\n     data-ad-format=\"rectangle\"><\/ins>\r\n<script>\r\n(adsbygoogle = window.adsbygoogle || []).push({});\r\n<\/script>\r\n<\/div>        <table id=\"table_exp\" class=\"sortable table table-sm table-striped table-hover\">\n            <thead>\n                <tr>\n                    <td class=\"continent\">\n                        <h1 class=\"h2\"> Precio del oro hoy en Europa<img loading=\"lazy\" decoding=\"async\" src=\"https:\/\/www.goldrate24.com\/wp-content\/plugins\/goldrate24\/country-flags\/europe.gif\" width=\"40\" height=\"33\" align=\"absmiddle\" \/><\/h1>\n                    <\/td>\n                <\/tr>\n            <\/thead>\n\n                            <tr>\n                    <th>\n                                                <a href=\"https:\/\/www.goldrate24.com\/es\/precios-del-oro\/europa\/albania\/\" title=\"Precio del Oro hoy en Albania\"><img loading=\"lazy\" decoding=\"async\" src=\"https:\/\/www.goldrate24.com\/wp-content\/plugins\/goldrate24\/country-flags\/albania.svg\" height=\"24\" width=\"24\" align=\"absmiddle\" \/> \n                        Precio del Oro hoy en Albania en Lek alban\u00e9s (ALL)                    <\/a>\n                    <\/th>\n                <\/tr>\n                            <tr>\n                    <th>\n                                                <a href=\"https:\/\/www.goldrate24.com\/es\/precios-del-oro\/europa\/moldavia\/\" title=\"Precio del oro en Moldavia\"><img loading=\"lazy\" decoding=\"async\" src=\"https:\/\/www.goldrate24.com\/wp-content\/plugins\/goldrate24\/country-flags\/moldova.svg\" height=\"24\" width=\"24\" align=\"absmiddle\" \/> \n                        Precio del Oro hoy en Moldavia en leu moldavo (MDL)                    <\/a>\n                    <\/th>\n                <\/tr>\n                            <tr>\n                    <th>\n                                                <a href=\"https:\/\/www.goldrate24.com\/es\/precios-del-oro\/europa\/noruega\/\" title=\"Precio del Oro hoy en Noruega\"><img loading=\"lazy\" decoding=\"async\" src=\"https:\/\/www.goldrate24.com\/wp-content\/plugins\/goldrate24\/country-flags\/norway.svg\" height=\"24\" width=\"24\" align=\"absmiddle\" \/> \n                        Precio del Oro hoy en Noruega en corona noruega (NOK)                    <\/a>\n                    <\/th>\n                <\/tr>\n                            <tr>\n                    <th>\n                                                <a href=\"https:\/\/www.goldrate24.com\/es\/precios-del-oro\/europa\/polonia\/\" title=\"Precio del Oro hoy en Polonia\"><img loading=\"lazy\" decoding=\"async\" src=\"https:\/\/www.goldrate24.com\/wp-content\/plugins\/goldrate24\/country-flags\/poland.svg\" height=\"24\" width=\"24\" align=\"absmiddle\" \/> \n                        Precio del Oro hoy en Polonia en zloty polaco (PLN)                    <\/a>\n                    <\/th>\n                <\/tr>\n                            <tr>\n                    <th>\n                                                <a href=\"https:\/\/www.goldrate24.com\/es\/precios-del-oro\/europa\/rumania\/\" title=\"Precio del oro en Rumania en el leu rumano\"><img loading=\"lazy\" decoding=\"async\" src=\"https:\/\/www.goldrate24.com\/wp-content\/plugins\/goldrate24\/country-flags\/romania.svg\" height=\"24\" width=\"24\" align=\"absmiddle\" \/> \n                        Precio del Oro hoy en Rumania en leu rumano (RON)                    <\/a>\n                    <\/th>\n                <\/tr>\n                            <tr>\n                    <th>\n                                                <a href=\"https:\/\/www.goldrate24.com\/es\/precios-del-oro\/europa\/rusia\/\" title=\"Precio del oro en Rusia\"><img loading=\"lazy\" decoding=\"async\" src=\"https:\/\/www.goldrate24.com\/wp-content\/plugins\/goldrate24\/country-flags\/russia.svg\" height=\"24\" width=\"24\" align=\"absmiddle\" \/> \n                        Precio del Oro hoy en Rusia en rublo ruso (RUB)                    <\/a>\n                    <\/th>\n                <\/tr>\n                            <tr>\n                    <th>\n                                                <a href=\"https:\/\/www.goldrate24.com\/es\/precios-del-oro\/europa\/serbia\/\" title=\"Precio del Oro hoy en Serbia\"><img loading=\"lazy\" decoding=\"async\" src=\"https:\/\/www.goldrate24.com\/wp-content\/plugins\/goldrate24\/country-flags\/serbia.svg\" height=\"24\" width=\"24\" align=\"absmiddle\" \/> \n                        Precio del Oro hoy en Serbia en dinar serbio (RSD)                    <\/a>\n                    <\/th>\n                <\/tr>\n                            <tr>\n                    <th>\n                                                <a href=\"https:\/\/www.goldrate24.com\/es\/precios-del-oro\/europa\/suecia\/\" title=\"Precio del oro en Suecia\"><img loading=\"lazy\" decoding=\"async\" src=\"https:\/\/www.goldrate24.com\/wp-content\/plugins\/goldrate24\/country-flags\/sweden.svg\" height=\"24\" width=\"24\" align=\"absmiddle\" \/> \n                        Precio del Oro hoy en Suecia en corona sueca (SEK)                    <\/a>\n                    <\/th>\n                <\/tr>\n                            <tr>\n                    <th>\n                                                <a href=\"https:\/\/www.goldrate24.com\/es\/precios-del-oro\/europa\/suiza\/\" title=\"Precio del oro en Suiza en el franco suizo\"><img loading=\"lazy\" decoding=\"async\" src=\"https:\/\/www.goldrate24.com\/wp-content\/plugins\/goldrate24\/country-flags\/switzerland.svg\" height=\"24\" width=\"24\" align=\"absmiddle\" \/> \n                        Precio del Oro hoy en Suiza en franco suizo (CHF)                    <\/a>\n                    <\/th>\n                <\/tr>\n                            <tr>\n                    <th>\n                                                <a href=\"https:\/\/www.goldrate24.com\/es\/precios-del-oro\/europa\/turquia\/\" title=\"Precio del oro en Turqu\u00eda en liras turcas\"><img loading=\"lazy\" decoding=\"async\" src=\"https:\/\/www.goldrate24.com\/wp-content\/plugins\/goldrate24\/country-flags\/turkey.svg\" height=\"24\" width=\"24\" align=\"absmiddle\" \/> \n                        Precio del Oro hoy en Turqu\u00eda en lira turca (TRY)                    <\/a>\n                    <\/th>\n                <\/tr>\n                            <tr>\n                    <th>\n                                                <a href=\"https:\/\/www.goldrate24.com\/es\/precios-del-oro\/europa\/ucrania\/\" title=\"Precio del oro en Ucrania en hryvnia Ucrania\"><img loading=\"lazy\" decoding=\"async\" src=\"https:\/\/www.goldrate24.com\/wp-content\/plugins\/goldrate24\/country-flags\/ukraine.svg\" height=\"24\" width=\"24\" align=\"absmiddle\" \/> \n                        Precio del Oro hoy en Ucrania en grivna ucraniana (UAH)                    <\/a>\n                    <\/th>\n                <\/tr>\n                            <tr>\n                    <th>\n                                                <a href=\"https:\/\/www.goldrate24.com\/es\/precios-del-oro\/europa\/macedonia\/\" title=\"Precio del oro en Macedonia en Macedonia Denar\"><img loading=\"lazy\" decoding=\"async\" src=\"https:\/\/www.goldrate24.com\/wp-content\/plugins\/goldrate24\/country-flags\/macedonia.svg\" height=\"24\" width=\"24\" align=\"absmiddle\" \/> \n                        Precio del Oro hoy en Macedonia del Norte en denar macedonio (MKD)                    <\/a>\n                    <\/th>\n                <\/tr>\n                            <tr>\n                    <th>\n                                                <a href=\"https:\/\/www.goldrate24.com\/es\/precios-del-oro\/europa\/lituania\/\" title=\"Precio del oro en Lituania en Lituania Lita\"><img loading=\"lazy\" decoding=\"async\" src=\"https:\/\/www.goldrate24.com\/wp-content\/plugins\/goldrate24\/country-flags\/lithuania.svg\" height=\"24\" width=\"24\" align=\"absmiddle\" \/> \n                        Precio del Oro hoy en Lituania en euros (EUR)                    <\/a>\n                    <\/th>\n                <\/tr>\n                            <tr>\n                    <th>\n                                                <a href=\"https:\/\/www.goldrate24.com\/es\/precios-del-oro\/europa\/bielorrusia\/\" title=\"Precio del Oro hoy en Bielorrusia\"><img loading=\"lazy\" decoding=\"async\" src=\"https:\/\/www.goldrate24.com\/wp-content\/plugins\/goldrate24\/country-flags\/belarus.svg\" height=\"24\" width=\"24\" align=\"absmiddle\" \/> \n                        Precio del Oro hoy en Bielorrusia en rublo bielorruso (BYN)                    <\/a>\n                    <\/th>\n                <\/tr>\n                            <tr>\n                    <th>\n                                                <a href=\"https:\/\/www.goldrate24.com\/es\/precios-del-oro\/europa\/bosnia-y-herzegovina\/\" title=\"Precio del oro en Bosnia y Herzegovina\"><img loading=\"lazy\" decoding=\"async\" src=\"https:\/\/www.goldrate24.com\/wp-content\/plugins\/goldrate24\/country-flags\/bosnia_and_herzegovina.svg\" height=\"24\" width=\"24\" align=\"absmiddle\" \/> \n                        Precio del Oro hoy en Bosnia y Herzegovina en el marco convertible de Bosnia y Herzegovina (BAM)                    <\/a>\n                    <\/th>\n                <\/tr>\n                            <tr>\n                    <th>\n                                                <a href=\"https:\/\/www.goldrate24.com\/es\/precios-del-oro\/europa\/croacia\/\" title=\"Precio del oro en Croacia\"><img loading=\"lazy\" decoding=\"async\" src=\"https:\/\/www.goldrate24.com\/wp-content\/plugins\/goldrate24\/country-flags\/croatia.svg\" height=\"24\" width=\"24\" align=\"absmiddle\" \/> \n                        Precio del Oro hoy en Croacia en kuna croata (HRK)                    <\/a>\n                    <\/th>\n                <\/tr>\n                            <tr>\n                    <th>\n                                                <a href=\"https:\/\/www.goldrate24.com\/es\/precios-del-oro\/europa\/republica-checa\/\" title=\"Precio del oro en Rep\u00fablica Checa en Corona checa\"><img loading=\"lazy\" decoding=\"async\" src=\"https:\/\/www.goldrate24.com\/wp-content\/plugins\/goldrate24\/country-flags\/czech_republic.svg\" height=\"24\" width=\"24\" align=\"absmiddle\" \/> \n                        Precio del Oro hoy en Rep\u00fablica Checa en corona checa (CZK)                    <\/a>\n                    <\/th>\n                <\/tr>\n                            <tr>\n                    <th>\n                                                <a href=\"https:\/\/www.goldrate24.com\/es\/precios-del-oro\/europa\/dinamarca\/\" title=\"Precio del oro en Dinamarca\"><img loading=\"lazy\" decoding=\"async\" src=\"https:\/\/www.goldrate24.com\/wp-content\/plugins\/goldrate24\/country-flags\/denmark.svg\" height=\"24\" width=\"24\" align=\"absmiddle\" \/> \n                        Precio del Oro hoy en Dinamarca en corona danesa (DKK)                    <\/a>\n                    <\/th>\n                <\/tr>\n                            <tr>\n                    <th>\n                                                <a href=\"https:\/\/www.goldrate24.com\/es\/precios-del-oro\/europa\/europa\/\" title=\"Precio del oro en Europa en euros\"><img loading=\"lazy\" decoding=\"async\" src=\"https:\/\/www.goldrate24.com\/wp-content\/plugins\/goldrate24\/country-flags\/europe.svg\" height=\"24\" width=\"24\" align=\"absmiddle\" \/> \n                        Precio del Oro hoy en Europa en euros (EUR)                    <\/a>\n                    <\/th>\n                <\/tr>\n                            <tr>\n                    <th>\n                                                <a href=\"https:\/\/www.goldrate24.com\/es\/precios-del-oro\/europa\/gibraltar\/\" title=\"Precio del oro en Gibraltar\"><img loading=\"lazy\" decoding=\"async\" src=\"https:\/\/www.goldrate24.com\/wp-content\/plugins\/goldrate24\/country-flags\/gibraltar.svg\" height=\"24\" width=\"24\" align=\"absmiddle\" \/> \n                        Precio del Oro hoy en Gibraltar en Libra gibraltare\u00f1a (GIP)                    <\/a>\n                    <\/th>\n                <\/tr>\n                            <tr>\n                    <th>\n                                                <a href=\"https:\/\/www.goldrate24.com\/es\/precios-del-oro\/europa\/hungria\/\" title=\"Precio del oro en Hungr\u00eda\"><img loading=\"lazy\" decoding=\"async\" src=\"https:\/\/www.goldrate24.com\/wp-content\/plugins\/goldrate24\/country-flags\/hungary.svg\" height=\"24\" width=\"24\" align=\"absmiddle\" \/> \n                        Precio del Oro hoy en Hungr\u00eda en flor\u00edn h\u00fangaro (HUF)                    <\/a>\n                    <\/th>\n                <\/tr>\n                            <tr>\n                    <th>\n                                                <a href=\"https:\/\/www.goldrate24.com\/es\/precios-del-oro\/europa\/islandia\/\" title=\"Precio del Oro hoy en Islandia\"><img loading=\"lazy\" decoding=\"async\" src=\"https:\/\/www.goldrate24.com\/wp-content\/plugins\/goldrate24\/country-flags\/iceland.svg\" height=\"24\" width=\"24\" align=\"absmiddle\" \/> \n                        Precio del Oro hoy en Islandia en corona islandesa (ISK)                    <\/a>\n                    <\/th>\n                <\/tr>\n                            <tr>\n                    <th>\n                                                <a href=\"https:\/\/www.goldrate24.com\/es\/precios-del-oro\/europa\/letonia\/\" title=\"Precio del oro en Letonia\"><img loading=\"lazy\" decoding=\"async\" src=\"https:\/\/www.goldrate24.com\/wp-content\/plugins\/goldrate24\/country-flags\/latvia.svg\" height=\"24\" width=\"24\" align=\"absmiddle\" \/> \n                        Precio del Oro hoy en Letonia en euros (EUR)                    <\/a>\n                    <\/th>\n                <\/tr>\n                            <tr>\n                    <th>\n                                                <a href=\"https:\/\/www.goldrate24.com\/es\/precios-del-oro\/europa\/reino-unido\/\" title=\"Precio del Oro hoy en Reino Unido\"><img loading=\"lazy\" decoding=\"async\" src=\"https:\/\/www.goldrate24.com\/wp-content\/plugins\/goldrate24\/country-flags\/united_kingdom.svg\" height=\"24\" width=\"24\" align=\"absmiddle\" \/> \n                        Precio del Oro hoy en Reino Unido en Libra Esterlina (GBP)                    <\/a>\n                    <\/th>\n                <\/tr>\n            \n        <\/table>\n        <!-- rectangle:--><!-- rectangle-->\r\n<div class=\"ads\">\r\n<script async src=\"\/\/pagead2.googlesyndication.com\/pagead\/js\/adsbygoogle.js\"><\/script>\r\n<!-- gr24-res -->\r\n<ins class=\"adsbygoogle\"\r\n     style=\"display:block\"\r\n     data-ad-client=\"ca-pub-0171684530079824\"\r\n     data-ad-slot=\"3571058915\"\r\n     data-ad-format=\"rectangle\"><\/ins>\r\n<script>\r\n(adsbygoogle = window.adsbygoogle || []).push({});\r\n<\/script>\r\n<\/div>    <\/div>\n\n","protected":false},"excerpt":{"rendered":"<p>Precio del oro y de la plata hoy en Europa . Muestra los precios por onza y gramo adem\u00e1s de las cartas hist\u00f3ricas de oro y plata.<\/p>\n","protected":false},"author":1,"featured_media":0,"parent":2310,"menu_order":0,"comment_status":"open","ping_status":"open","template":"","meta":{"footnotes":""},"tags":[],"class_list":["post-2385","page","type-page","status-publish","hentry"],"_links":{"self":[{"href":"https:\/\/www.goldrate24.com\/es\/wp-json\/wp\/v2\/pages\/2385","targetHints":{"allow":["GET"]}}],"collection":[{"href":"https:\/\/www.goldrate24.com\/es\/wp-json\/wp\/v2\/pages"}],"about":[{"href":"https:\/\/www.goldrate24.com\/es\/wp-json\/wp\/v2\/types\/page"}],"author":[{"embeddable":true,"href":"https:\/\/www.goldrate24.com\/es\/wp-json\/wp\/v2\/users\/1"}],"replies":[{"embeddable":true,"href":"https:\/\/www.goldrate24.com\/es\/wp-json\/wp\/v2\/comments?post=2385"}],"version-history":[{"count":1,"href":"https:\/\/www.goldrate24.com\/es\/wp-json\/wp\/v2\/pages\/2385\/revisions"}],"predecessor-version":[{"id":11545,"href":"https:\/\/www.goldrate24.com\/es\/wp-json\/wp\/v2\/pages\/2385\/revisions\/11545"}],"up":[{"embeddable":true,"href":"https:\/\/www.goldrate24.com\/es\/wp-json\/wp\/v2\/pages\/2310"}],"wp:attachment":[{"href":"https:\/\/www.goldrate24.com\/es\/wp-json\/wp\/v2\/media?parent=2385"}],"wp:term":[{"taxonomy":"post_tag","embeddable":true,"href":"https:\/\/www.goldrate24.com\/es\/wp-json\/wp\/v2\/tags?post=2385"}],"curies":[{"name":"wp","href":"https:\/\/api.w.org\/{rel}","templated":true}]}}