{"id":2345,"date":"2013-01-17T12:37:57","date_gmt":"2013-01-17T12:37:57","guid":{"rendered":"http:\/\/www.goldrate24.com\/asia\/"},"modified":"2025-11-20T12:29:01","modified_gmt":"2025-11-20T12:29:01","slug":"asia","status":"publish","type":"page","link":"https:\/\/www.goldrate24.com\/es\/precios-del-oro\/asia\/","title":{"rendered":"Precio del oro en Asia"},"content":{"rendered":"<p>Gold price today in Asia: below is a table showing all countries of Asia. Scroll down to your country then click, to display gold price details in this country. Alternatively, for easy access, you can type to search for country name, currency name, or currency code in the\u00a0 corresponding column.<\/p>\n    <div id=\"wmscc_gold_main\">\n        <!-- rectangle:--><!-- rectangle-->\r\n<div class=\"ads\">\r\n<script async src=\"\/\/pagead2.googlesyndication.com\/pagead\/js\/adsbygoogle.js\"><\/script>\r\n<!-- gr24-res -->\r\n<ins class=\"adsbygoogle\"\r\n     style=\"display:block\"\r\n     data-ad-client=\"ca-pub-0171684530079824\"\r\n     data-ad-slot=\"3571058915\"\r\n     data-ad-format=\"rectangle\"><\/ins>\r\n<script>\r\n(adsbygoogle = window.adsbygoogle || []).push({});\r\n<\/script>\r\n<\/div>        <table id=\"table_exp\" class=\"sortable table table-sm table-striped table-hover\">\n            <thead>\n                <tr>\n                    <td class=\"continent\">\n                        <h1 class=\"h2\"> Precio del oro hoy en Asia<img loading=\"lazy\" decoding=\"async\" src=\"https:\/\/www.goldrate24.com\/wp-content\/plugins\/goldrate24\/country-flags\/asia.gif\" width=\"40\" height=\"33\" align=\"absmiddle\" \/><\/h1>\n                    <\/td>\n                <\/tr>\n            <\/thead>\n\n                            <tr>\n                    <th>\n                                                <a href=\"https:\/\/www.goldrate24.com\/es\/precios-del-oro\/asia\/afganistan\/\" title=\"Precio del Oro hoy en Afganist\u00e1n\"><img loading=\"lazy\" decoding=\"async\" src=\"https:\/\/www.goldrate24.com\/wp-content\/plugins\/goldrate24\/country-flags\/afghanistan.svg\" height=\"24\" width=\"24\" align=\"absmiddle\" \/> \n                        Precio del Oro hoy en Afganist\u00e1n en afgano afgano (AFN)                    <\/a>\n                    <\/th>\n                <\/tr>\n                            <tr>\n                    <th>\n                                                <a href=\"https:\/\/www.goldrate24.com\/es\/precios-del-oro\/asia\/mongolia\/\" title=\"Precio del oro en Mongolia\"><img loading=\"lazy\" decoding=\"async\" src=\"https:\/\/www.goldrate24.com\/wp-content\/plugins\/goldrate24\/country-flags\/mongolia.svg\" height=\"24\" width=\"24\" align=\"absmiddle\" \/> \n                        Precio del Oro hoy en Mongolia en mongol tugrik (MNT)                    <\/a>\n                    <\/th>\n                <\/tr>\n                            <tr>\n                    <th>\n                                                <a href=\"https:\/\/www.goldrate24.com\/es\/precios-del-oro\/asia\/myanmar\/\" title=\"Precio del Oro hoy en Myanmar\"><img loading=\"lazy\" decoding=\"async\" src=\"https:\/\/www.goldrate24.com\/wp-content\/plugins\/goldrate24\/country-flags\/myanmar.svg\" height=\"24\" width=\"24\" align=\"absmiddle\" \/> \n                        Precio del Oro hoy en Myanmar en kyats birmanos (MMK)                    <\/a>\n                    <\/th>\n                <\/tr>\n                            <tr>\n                    <th>\n                                                <a href=\"https:\/\/www.goldrate24.com\/es\/precios-del-oro\/asia\/nepal\/\" title=\"Precio del Oro hoy en Nepal\"><img loading=\"lazy\" decoding=\"async\" src=\"https:\/\/www.goldrate24.com\/wp-content\/plugins\/goldrate24\/country-flags\/nepal.svg\" height=\"24\" width=\"24\" align=\"absmiddle\" \/> \n                        Precio del Oro hoy en Nepal en rupia nepal\u00ed (NPR)                    <\/a>\n                    <\/th>\n                <\/tr>\n                            <tr>\n                    <th>\n                                                <a href=\"https:\/\/www.goldrate24.com\/es\/precios-del-oro\/asia\/corea-del-norte\/\" title=\"Precio del Oro hoy en Corea del Norte\"><img loading=\"lazy\" decoding=\"async\" src=\"https:\/\/www.goldrate24.com\/wp-content\/plugins\/goldrate24\/country-flags\/north_korea.svg\" height=\"24\" width=\"24\" align=\"absmiddle\" \/> \n                        Precio del Oro hoy en Corea del Norte en won norcoreano (KPW)                    <\/a>\n                    <\/th>\n                <\/tr>\n                            <tr>\n                    <th>\n                                                <a href=\"https:\/\/www.goldrate24.com\/es\/precios-del-oro\/asia\/pakistan\/\" title=\"Precio del Oro hoy en Pakist\u00e1n\"><img loading=\"lazy\" decoding=\"async\" src=\"https:\/\/www.goldrate24.com\/wp-content\/plugins\/goldrate24\/country-flags\/pakistan.svg\" height=\"24\" width=\"24\" align=\"absmiddle\" \/> \n                        Precio del Oro hoy en Pakist\u00e1n en rupia pakistan\u00ed (PKR)                    <\/a>\n                    <\/th>\n                <\/tr>\n                            <tr>\n                    <th>\n                                                <a href=\"https:\/\/www.goldrate24.com\/es\/precios-del-oro\/asia\/filipinas\/\" title=\"Precio del oro en Filipinas en Peso filipino\"><img loading=\"lazy\" decoding=\"async\" src=\"https:\/\/www.goldrate24.com\/wp-content\/plugins\/goldrate24\/country-flags\/philippines.svg\" height=\"24\" width=\"24\" align=\"absmiddle\" \/> \n                        Precio del Oro hoy en Filipinas en peso filipino (PHP)                    <\/a>\n                    <\/th>\n                <\/tr>\n                            <tr>\n                    <th>\n                                                <a href=\"https:\/\/www.goldrate24.com\/es\/precios-del-oro\/asia\/seychelles\/\" title=\"Precio del oro en Seychelles rupia de Seychelles en\"><img loading=\"lazy\" decoding=\"async\" src=\"https:\/\/www.goldrate24.com\/wp-content\/plugins\/goldrate24\/country-flags\/seychelles.svg\" height=\"24\" width=\"24\" align=\"absmiddle\" \/> \n                        Precio del Oro hoy en Seychelles en rupia de Seychelles (SCR)                    <\/a>\n                    <\/th>\n                <\/tr>\n                            <tr>\n                    <th>\n                                                <a href=\"https:\/\/www.goldrate24.com\/es\/precios-del-oro\/asia\/singapur\/\" title=\"Precio del oro en Singapur\"><img loading=\"lazy\" decoding=\"async\" src=\"https:\/\/www.goldrate24.com\/wp-content\/plugins\/goldrate24\/country-flags\/singapore.svg\" height=\"24\" width=\"24\" align=\"absmiddle\" \/> \n                        Precio del Oro hoy en Singapur en d\u00f3lar singapurense (SGD)                    <\/a>\n                    <\/th>\n                <\/tr>\n                            <tr>\n                    <th>\n                                                <a href=\"https:\/\/www.goldrate24.com\/es\/precios-del-oro\/asia\/las-islas-salomon\/\" title=\"Precio del oro en Las Islas Salom\u00f3n\"><img loading=\"lazy\" decoding=\"async\" src=\"https:\/\/www.goldrate24.com\/wp-content\/plugins\/goldrate24\/country-flags\/solomon_islands.svg\" height=\"24\" width=\"24\" align=\"absmiddle\" \/> \n                        Precio del Oro hoy en Islas Salom\u00f3n en D\u00f3lar de las Islas Salom\u00f3n (SBD)                    <\/a>\n                    <\/th>\n                <\/tr>\n                            <tr>\n                    <th>\n                                                <a href=\"https:\/\/www.goldrate24.com\/es\/precios-del-oro\/asia\/corea-del-sur\/\" title=\"Precio del oro en Corea del Sur en Corea del Sur gan\u00f3\"><img loading=\"lazy\" decoding=\"async\" src=\"https:\/\/www.goldrate24.com\/wp-content\/plugins\/goldrate24\/country-flags\/south_korea.svg\" height=\"24\" width=\"24\" align=\"absmiddle\" \/> \n                        Precio del Oro hoy en Corea del Sur en won surcoreano (KRW)                    <\/a>\n                    <\/th>\n                <\/tr>\n                            <tr>\n                    <th>\n                                                <a href=\"https:\/\/www.goldrate24.com\/es\/precios-del-oro\/asia\/sri-lanka\/\" title=\"Precio del oro en Sri Lanka\"><img loading=\"lazy\" decoding=\"async\" src=\"https:\/\/www.goldrate24.com\/wp-content\/plugins\/goldrate24\/country-flags\/sri_lanka.svg\" height=\"24\" width=\"24\" align=\"absmiddle\" \/> \n                        Precio del Oro hoy en Sri Lanka en Rupia de Sri Lanka (LKR)                    <\/a>\n                    <\/th>\n                <\/tr>\n                            <tr>\n                    <th>\n                                                <a href=\"https:\/\/www.goldrate24.com\/es\/precios-del-oro\/asia\/taiwan\/\" title=\"Precio del oro en Taiwan en el d\u00f3lar de Taiw\u00e1n\"><img loading=\"lazy\" decoding=\"async\" src=\"https:\/\/www.goldrate24.com\/wp-content\/plugins\/goldrate24\/country-flags\/taiwan.svg\" height=\"24\" width=\"24\" align=\"absmiddle\" \/> \n                        Precio del Oro hoy en Taiwan en d\u00f3lar taiwan\u00e9s (TWD)                    <\/a>\n                    <\/th>\n                <\/tr>\n                            <tr>\n                    <th>\n                                                <a href=\"https:\/\/www.goldrate24.com\/es\/precios-del-oro\/asia\/tayikistan\/\" title=\"Precio del Oro hoy en Tayikist\u00e1n\"><img loading=\"lazy\" decoding=\"async\" src=\"https:\/\/www.goldrate24.com\/wp-content\/plugins\/goldrate24\/country-flags\/tajikistan.svg\" height=\"24\" width=\"24\" align=\"absmiddle\" \/> \n                        Precio del Oro hoy en Tayikist\u00e1n en tayiko somoni (TJS)                    <\/a>\n                    <\/th>\n                <\/tr>\n                            <tr>\n                    <th>\n                                                <a href=\"https:\/\/www.goldrate24.com\/es\/precios-del-oro\/asia\/tailandia\/\" title=\"Precio del oro en Tailandia\"><img loading=\"lazy\" decoding=\"async\" src=\"https:\/\/www.goldrate24.com\/wp-content\/plugins\/goldrate24\/country-flags\/thailand.svg\" height=\"24\" width=\"24\" align=\"absmiddle\" \/> \n                        Precio del Oro hoy en Tailandia en baht tailand\u00e9s (THB)                    <\/a>\n                    <\/th>\n                <\/tr>\n                            <tr>\n                    <th>\n                                                <a href=\"https:\/\/www.goldrate24.com\/es\/precios-del-oro\/asia\/turkmenistan\/\" title=\"Precio del Oro hoy en Turkmenist\u00e1n\"><img loading=\"lazy\" decoding=\"async\" src=\"https:\/\/www.goldrate24.com\/wp-content\/plugins\/goldrate24\/country-flags\/turkmenistan.svg\" height=\"24\" width=\"24\" align=\"absmiddle\" \/> \n                        Precio del Oro hoy en Turkmenist\u00e1n en turcomano nuevo manat (TMT)                    <\/a>\n                    <\/th>\n                <\/tr>\n                            <tr>\n                    <th>\n                                                <a href=\"https:\/\/www.goldrate24.com\/es\/precios-del-oro\/asia\/uzbekistan\/\" title=\"Precio del Oro hoy en Uzbekist\u00e1n\"><img loading=\"lazy\" decoding=\"async\" src=\"https:\/\/www.goldrate24.com\/wp-content\/plugins\/goldrate24\/country-flags\/uzbekistan.svg\" height=\"24\" width=\"24\" align=\"absmiddle\" \/> \n                        Precio del Oro hoy en Uzbekist\u00e1n en Uzbekist\u00e1n som (UZS)                    <\/a>\n                    <\/th>\n                <\/tr>\n                            <tr>\n                    <th>\n                                                <a href=\"https:\/\/www.goldrate24.com\/es\/precios-del-oro\/asia\/vanuatu\/\" title=\"Precio del Oro hoy en Vanuatu\"><img loading=\"lazy\" decoding=\"async\" src=\"https:\/\/www.goldrate24.com\/wp-content\/plugins\/goldrate24\/country-flags\/vanuatu.svg\" height=\"24\" width=\"24\" align=\"absmiddle\" \/> \n                        Precio del Oro hoy en Vanuatu en Vanuatu Vatu (VUV)                    <\/a>\n                    <\/th>\n                <\/tr>\n                            <tr>\n                    <th>\n                                                <a href=\"https:\/\/www.goldrate24.com\/es\/precios-del-oro\/asia\/maldivas\/\" title=\"Precio del oro en Maldivas\"><img loading=\"lazy\" decoding=\"async\" src=\"https:\/\/www.goldrate24.com\/wp-content\/plugins\/goldrate24\/country-flags\/maldives.svg\" height=\"24\" width=\"24\" align=\"absmiddle\" \/> \n                        Precio del Oro hoy en Maldivas en maldivo rufiyaa (MVR)                    <\/a>\n                    <\/th>\n                <\/tr>\n                            <tr>\n                    <th>\n                                                <a href=\"https:\/\/www.goldrate24.com\/es\/precios-del-oro\/asia\/malasia\/\" title=\"Precio del oro en Malasia en el ringgit malasio\"><img loading=\"lazy\" decoding=\"async\" src=\"https:\/\/www.goldrate24.com\/wp-content\/plugins\/goldrate24\/country-flags\/malaysia.svg\" height=\"24\" width=\"24\" align=\"absmiddle\" \/> \n                        Precio del Oro hoy en Malasia en ringgit malasio (MYR)                    <\/a>\n                    <\/th>\n                <\/tr>\n                            <tr>\n                    <th>\n                                                <a href=\"https:\/\/www.goldrate24.com\/es\/precios-del-oro\/asia\/macao\/\" title=\"Precio del Oro hoy en Macao\"><img loading=\"lazy\" decoding=\"async\" src=\"https:\/\/www.goldrate24.com\/wp-content\/plugins\/goldrate24\/country-flags\/macau.svg\" height=\"24\" width=\"24\" align=\"absmiddle\" \/> \n                        Precio del Oro hoy en Macao en macaense pataca (MOP)                    <\/a>\n                    <\/th>\n                <\/tr>\n                            <tr>\n                    <th>\n                                                <a href=\"https:\/\/www.goldrate24.com\/es\/precios-del-oro\/asia\/armenia\/\" title=\"Precio del oro en Armenia\"><img loading=\"lazy\" decoding=\"async\" src=\"https:\/\/www.goldrate24.com\/wp-content\/plugins\/goldrate24\/country-flags\/armenia.svg\" height=\"24\" width=\"24\" align=\"absmiddle\" \/> \n                        Precio del Oro hoy en Armenia en dram armenio (AMD)                    <\/a>\n                    <\/th>\n                <\/tr>\n                            <tr>\n                    <th>\n                                                <a href=\"https:\/\/www.goldrate24.com\/es\/precios-del-oro\/asia\/azerbaiyan\/\" title=\"Precio del oro en Azerbaiy\u00e1n\"><img loading=\"lazy\" decoding=\"async\" src=\"https:\/\/www.goldrate24.com\/wp-content\/plugins\/goldrate24\/country-flags\/azerbaijan.svg\" height=\"24\" width=\"24\" align=\"absmiddle\" \/> \n                        Precio del Oro hoy en Azerbaiy\u00e1n en manat azerbaiyano (AZN)                    <\/a>\n                    <\/th>\n                <\/tr>\n                            <tr>\n                    <th>\n                                                <a href=\"https:\/\/www.goldrate24.com\/es\/precios-del-oro\/asia\/bangladesh\/\" title=\"Precio del oro en Bangladesh en Bangladesh Taka\"><img loading=\"lazy\" decoding=\"async\" src=\"https:\/\/www.goldrate24.com\/wp-content\/plugins\/goldrate24\/country-flags\/bangladesh.svg\" height=\"24\" width=\"24\" align=\"absmiddle\" \/> \n                        Precio del Oro hoy en Bangladesh en taka banglades\u00ed (BDT)                    <\/a>\n                    <\/th>\n                <\/tr>\n                            <tr>\n                    <th>\n                                                <a href=\"https:\/\/www.goldrate24.com\/es\/precios-del-oro\/asia\/butan\/\" title=\"Precio del Oro hoy en But\u00e1n\"><img loading=\"lazy\" decoding=\"async\" src=\"https:\/\/www.goldrate24.com\/wp-content\/plugins\/goldrate24\/country-flags\/bhutan.svg\" height=\"24\" width=\"24\" align=\"absmiddle\" \/> \n                        Precio del Oro hoy en But\u00e1n en butan\u00e9s ngultrum (BTN)                    <\/a>\n                    <\/th>\n                <\/tr>\n                            <tr>\n                    <th>\n                                                <a href=\"https:\/\/www.goldrate24.com\/es\/precios-del-oro\/asia\/brunei\/\" title=\"Precio del oro en Brunei en D\u00f3lar de Brunei\"><img loading=\"lazy\" decoding=\"async\" src=\"https:\/\/www.goldrate24.com\/wp-content\/plugins\/goldrate24\/country-flags\/brunei.svg\" height=\"24\" width=\"24\" align=\"absmiddle\" \/> \n                        Precio del Oro hoy en Brun\u00e9i en D\u00f3lar de Brun\u00e9i (BND)                    <\/a>\n                    <\/th>\n                <\/tr>\n                            <tr>\n                    <th>\n                                                <a href=\"https:\/\/www.goldrate24.com\/es\/precios-del-oro\/asia\/camboya\/\" title=\"Precio del Oro hoy en Camboya\"><img loading=\"lazy\" decoding=\"async\" src=\"https:\/\/www.goldrate24.com\/wp-content\/plugins\/goldrate24\/country-flags\/cambodia.svg\" height=\"24\" width=\"24\" align=\"absmiddle\" \/> \n                        Precio del Oro hoy en Camboya en riel camboyano (KHR)                    <\/a>\n                    <\/th>\n                <\/tr>\n                            <tr>\n                    <th>\n                                                <a href=\"https:\/\/www.goldrate24.com\/es\/precios-del-oro\/asia\/china\/\" title=\"Precio del oro en China\"><img loading=\"lazy\" decoding=\"async\" src=\"https:\/\/www.goldrate24.com\/wp-content\/plugins\/goldrate24\/country-flags\/china.svg\" height=\"24\" width=\"24\" align=\"absmiddle\" \/> \n                        Precio del Oro hoy en China en yuanes chinos (CNY)                    <\/a>\n                    <\/th>\n                <\/tr>\n                            <tr>\n                    <th>\n                                                <a href=\"https:\/\/www.goldrate24.com\/es\/precios-del-oro\/asia\/georgia\/\" title=\"Precio del Oro hoy en Georgia\"><img loading=\"lazy\" decoding=\"async\" src=\"https:\/\/www.goldrate24.com\/wp-content\/plugins\/goldrate24\/country-flags\/georgia.svg\" height=\"24\" width=\"24\" align=\"absmiddle\" \/> \n                        Precio del Oro hoy en Georgia en laris georgianos (GEL)                    <\/a>\n                    <\/th>\n                <\/tr>\n                            <tr>\n                    <th>\n                                                <a href=\"https:\/\/www.goldrate24.com\/es\/precios-del-oro\/asia\/hong-kong\/\" title=\"Precio del oro en Hong Kong\"><img loading=\"lazy\" decoding=\"async\" src=\"https:\/\/www.goldrate24.com\/wp-content\/plugins\/goldrate24\/country-flags\/hong_kong.svg\" height=\"24\" width=\"24\" align=\"absmiddle\" \/> \n                        Precio del Oro hoy en Hong Kong en d\u00f3lares de Hong Kong (HKD)                    <\/a>\n                    <\/th>\n                <\/tr>\n                            <tr>\n                    <th>\n                                                <a href=\"https:\/\/www.goldrate24.com\/es\/precios-del-oro\/asia\/india\/\" title=\"Precio del oro en India\"><img loading=\"lazy\" decoding=\"async\" src=\"https:\/\/www.goldrate24.com\/wp-content\/plugins\/goldrate24\/country-flags\/india.svg\" height=\"24\" width=\"24\" align=\"absmiddle\" \/> \n                        Precio del Oro hoy en India en rupia india (INR)                    <\/a>\n                    <\/th>\n                <\/tr>\n                            <tr>\n                    <th>\n                                                <a href=\"https:\/\/www.goldrate24.com\/es\/precios-del-oro\/asia\/indonesia\/\" title=\"Precio del oro en Indonesia\"><img loading=\"lazy\" decoding=\"async\" src=\"https:\/\/www.goldrate24.com\/wp-content\/plugins\/goldrate24\/country-flags\/indonesia.svg\" height=\"24\" width=\"24\" align=\"absmiddle\" \/> \n                        Precio del Oro hoy en Indonesia en rupia indonesia (IDR)                    <\/a>\n                    <\/th>\n                <\/tr>\n                            <tr>\n                    <th>\n                                                <a href=\"https:\/\/www.goldrate24.com\/es\/precios-del-oro\/asia\/iran\/\" title=\"Precio del Oro hoy en Ir\u00e1n\"><img loading=\"lazy\" decoding=\"async\" src=\"https:\/\/www.goldrate24.com\/wp-content\/plugins\/goldrate24\/country-flags\/iran.svg\" height=\"24\" width=\"24\" align=\"absmiddle\" \/> \n                        Precio del Oro hoy en Ir\u00e1n en rial iran\u00ed (IRR)                    <\/a>\n                    <\/th>\n                <\/tr>\n                            <tr>\n                    <th>\n                                                <a href=\"https:\/\/www.goldrate24.com\/es\/precios-del-oro\/asia\/israel\/\" title=\"Precio del oro en Israel\"><img loading=\"lazy\" decoding=\"async\" src=\"https:\/\/www.goldrate24.com\/wp-content\/plugins\/goldrate24\/country-flags\/israel.svg\" height=\"24\" width=\"24\" align=\"absmiddle\" \/> \n                        Precio del Oro hoy en Israel en el shekel israel\u00ed (ILS)                    <\/a>\n                    <\/th>\n                <\/tr>\n                            <tr>\n                    <th>\n                                                <a href=\"https:\/\/www.goldrate24.com\/es\/precios-del-oro\/asia\/japon\/\" title=\"Precio del oro en Jap\u00f3n en Yen Japon\u00e9s\"><img loading=\"lazy\" decoding=\"async\" src=\"https:\/\/www.goldrate24.com\/wp-content\/plugins\/goldrate24\/country-flags\/japan.svg\" height=\"24\" width=\"24\" align=\"absmiddle\" \/> \n                        Precio del Oro hoy en Jap\u00f3n en yenes japoneses (JPY)                    <\/a>\n                    <\/th>\n                <\/tr>\n                            <tr>\n                    <th>\n                                                <a href=\"https:\/\/www.goldrate24.com\/es\/precios-del-oro\/asia\/kazajstan\/\" title=\"Precio del oro en Kazajst\u00e1n\"><img loading=\"lazy\" decoding=\"async\" src=\"https:\/\/www.goldrate24.com\/wp-content\/plugins\/goldrate24\/country-flags\/kazakhstan.svg\" height=\"24\" width=\"24\" align=\"absmiddle\" \/> \n                        Precio del Oro hoy en Kazajist\u00e1n en tenge kazajo (KZT)                    <\/a>\n                    <\/th>\n                <\/tr>\n                            <tr>\n                    <th>\n                                                <a href=\"https:\/\/www.goldrate24.com\/es\/precios-del-oro\/asia\/kirguistan\/\" title=\"Precio del Oro hoy en Kirguist\u00e1n\"><img loading=\"lazy\" decoding=\"async\" src=\"https:\/\/www.goldrate24.com\/wp-content\/plugins\/goldrate24\/country-flags\/kyrgyzstan.svg\" height=\"24\" width=\"24\" align=\"absmiddle\" \/> \n                        Precio del Oro hoy en Kirguist\u00e1n en kirgu\u00eds som (KGS)                    <\/a>\n                    <\/th>\n                <\/tr>\n                            <tr>\n                    <th>\n                                                <a href=\"https:\/\/www.goldrate24.com\/es\/precios-del-oro\/asia\/laos\/\" title=\"Precio del oro en Laos Kip de Laos\"><img loading=\"lazy\" decoding=\"async\" src=\"https:\/\/www.goldrate24.com\/wp-content\/plugins\/goldrate24\/country-flags\/laos.svg\" height=\"24\" width=\"24\" align=\"absmiddle\" \/> \n                        Precio del Oro hoy en Laos en kip laosiano (LAK)                    <\/a>\n                    <\/th>\n                <\/tr>\n                            <tr>\n                    <th>\n                                                <a href=\"https:\/\/www.goldrate24.com\/es\/precios-del-oro\/asia\/vietnam\/\" title=\"Precio del oro en Vietnam en dong vietnamita\"><img loading=\"lazy\" decoding=\"async\" src=\"https:\/\/www.goldrate24.com\/wp-content\/plugins\/goldrate24\/country-flags\/vietnam.svg\" height=\"24\" width=\"24\" align=\"absmiddle\" \/> \n                        Precio del Oro hoy en Vietnam en dong vietnamita (VND)                    <\/a>\n                    <\/th>\n                <\/tr>\n            \n        <\/table>\n        <!-- rectangle:--><!-- rectangle-->\r\n<div class=\"ads\">\r\n<script async src=\"\/\/pagead2.googlesyndication.com\/pagead\/js\/adsbygoogle.js\"><\/script>\r\n<!-- gr24-res -->\r\n<ins class=\"adsbygoogle\"\r\n     style=\"display:block\"\r\n     data-ad-client=\"ca-pub-0171684530079824\"\r\n     data-ad-slot=\"3571058915\"\r\n     data-ad-format=\"rectangle\"><\/ins>\r\n<script>\r\n(adsbygoogle = window.adsbygoogle || []).push({});\r\n<\/script>\r\n<\/div>    <\/div>\n\n","protected":false},"excerpt":{"rendered":"<p>La tarifa del Oro hoy en Asia  por onza y gramo. Muestra las cartas hist\u00f3ricas de oro y plata.<\/p>\n","protected":false},"author":1,"featured_media":0,"parent":2310,"menu_order":0,"comment_status":"open","ping_status":"open","template":"","meta":{"footnotes":""},"tags":[],"class_list":["post-2345","page","type-page","status-publish","hentry"],"_links":{"self":[{"href":"https:\/\/www.goldrate24.com\/es\/wp-json\/wp\/v2\/pages\/2345","targetHints":{"allow":["GET"]}}],"collection":[{"href":"https:\/\/www.goldrate24.com\/es\/wp-json\/wp\/v2\/pages"}],"about":[{"href":"https:\/\/www.goldrate24.com\/es\/wp-json\/wp\/v2\/types\/page"}],"author":[{"embeddable":true,"href":"https:\/\/www.goldrate24.com\/es\/wp-json\/wp\/v2\/users\/1"}],"replies":[{"embeddable":true,"href":"https:\/\/www.goldrate24.com\/es\/wp-json\/wp\/v2\/comments?post=2345"}],"version-history":[{"count":1,"href":"https:\/\/www.goldrate24.com\/es\/wp-json\/wp\/v2\/pages\/2345\/revisions"}],"predecessor-version":[{"id":11541,"href":"https:\/\/www.goldrate24.com\/es\/wp-json\/wp\/v2\/pages\/2345\/revisions\/11541"}],"up":[{"embeddable":true,"href":"https:\/\/www.goldrate24.com\/es\/wp-json\/wp\/v2\/pages\/2310"}],"wp:attachment":[{"href":"https:\/\/www.goldrate24.com\/es\/wp-json\/wp\/v2\/media?parent=2345"}],"wp:term":[{"taxonomy":"post_tag","embeddable":true,"href":"https:\/\/www.goldrate24.com\/es\/wp-json\/wp\/v2\/tags?post=2345"}],"curies":[{"name":"wp","href":"https:\/\/api.w.org\/{rel}","templated":true}]}}